{"id":9599,"date":"2022-06-14T10:18:40","date_gmt":"2022-06-14T13:18:40","guid":{"rendered":"https:\/\/www.caritasne2.org.br\/?page_id=9599"},"modified":"2024-05-15T11:55:05","modified_gmt":"2024-05-15T14:55:05","slug":"campanha-contra-impactos-eolicas","status":"publish","type":"page","link":"https:\/\/www.caritasne2.org.br\/site\/campanha-contra-impactos-eolicas\/","title":{"rendered":"Campanha Contra Impactos E\u00f3licas"},"content":{"rendered":"<p style=\"text-align: justify;\">A C\u00e1ritas Brasileira Regional Nordeste 2 (CBNE2), organismo da Confer\u00eancia Nacional dos Bispos do Brasil (CNBB), com o apoio da institui\u00e7\u00e3o cat\u00f3lica alem\u00e3, Misereor, lan\u00e7ou no ano de 2022 uma campanha sobre os impactos dos parques de energia e\u00f3lica nos Estados nordestinos de Alagoas, Para\u00edba, Pernambuco e Rio Grande do Norte, territ\u00f3rio onde atua em 18 Entidades Membro. A iniciativa aconteceu gra\u00e7as ao Projeto \u201cPromo\u00e7\u00e3o e Defesa de Direitos na Perspectiva da Constru\u00e7\u00e3o de Sociedades do Bem Viver\u201d.<\/p>\n<h4 style=\"text-align: justify;\">A campanha<\/h4>\n<p style=\"text-align: justify;\">O objetivo da campanha foi alertar sobre o sofrimento das comunidades tradicionais, rurais e ribeirinhas atingidas pelos impactos socioecon\u00f4micos, ambientais e de sa\u00fade causados pelo atual modelo de implementa\u00e7\u00e3o dos megaprojetos de energia e\u00f3lica. A iniciativa buscou ainda ampliar o debate sobre a import\u00e2ncia de repensar novas formas de gera\u00e7\u00e3o da energia limpa e descentralizada, que respeitem as comunidades e promovam o Bem Viver das fam\u00edlias dessas localidades.<\/p>\n<h4 style=\"text-align: justify;\">Mobiliza\u00e7\u00e3o social<\/h4>\n<p style=\"text-align: justify;\">A campanha ao longo da sua execu\u00e7\u00e3o apresentou alguns conte\u00fados de incid\u00eancia como a webs\u00e9rie \u201cPra quem sopram os ventos?\u201d dividida em seis epis\u00f3dios lan\u00e7ados semanalmente no canal do Youtube da C\u00e1ritas Brasileira Regional Nordeste 2 \u2013CBNE2, al\u00e9m de uma exposi\u00e7\u00e3o fotogr\u00e1fica itinerante, que circulou por universidades p\u00fablicas e privadas nos 4 estados de atua\u00e7\u00e3o da institui\u00e7\u00e3o. A campanha tamb\u00e9m realizou rodas de conversas em comunidades tradicionais e ribeirinhas que tiveram sua paisagem alterada com a chegada das torres e\u00f3licas, ou estavam sobre amea\u00e7a de implanta\u00e7\u00e3o em suas terras. E por fim, uma carta aberta foi constru\u00edda em parceria com organiza\u00e7\u00f5es e movimentos sociais e foi usada como instrumento de mobiliza\u00e7\u00e3o e incid\u00eancia pol\u00edtica.<\/p>\n<p>Acesse nosso cat\u00e1logo <a href=\"https:\/\/www.caritasne2.org.br\/site\/wp-content\/uploads\/2024\/05\/Catalogo-Eolicas-VersaoFINAL-CBNE2_compressed-1_compressed_compressed_compressed-compactado-compactado-2.pdf\">Para quem sopram os ventos?<\/a>, e conhe\u00e7a mais sobre\u00a0 o impacto das e\u00f3licas nos estados de Al, PB, PE e RN.<\/p>\n<p><img decoding=\"async\" loading=\"lazy\" class=\" wp-image-12205 aligncenter\" src=\"https:\/\/www.caritasne2.org.br\/site\/wp-content\/uploads\/2024\/05\/AcervoCBNE2DocumentarioPraquemsopramosventos-5-300x200.jpeg\" alt=\"\" width=\"389\" height=\"259\" srcset=\"https:\/\/www.caritasne2.org.br\/site\/wp-content\/uploads\/2024\/05\/AcervoCBNE2DocumentarioPraquemsopramosventos-5-300x200.jpeg 300w, https:\/\/www.caritasne2.org.br\/site\/wp-content\/uploads\/2024\/05\/AcervoCBNE2DocumentarioPraquemsopramosventos-5-1024x682.jpeg 1024w, https:\/\/www.caritasne2.org.br\/site\/wp-content\/uploads\/2024\/05\/AcervoCBNE2DocumentarioPraquemsopramosventos-5-768x512.jpeg 768w, https:\/\/www.caritasne2.org.br\/site\/wp-content\/uploads\/2024\/05\/AcervoCBNE2DocumentarioPraquemsopramosventos-5.jpeg 1280w\" sizes=\"(max-width: 389px) 100vw, 389px\" \/><\/p>\n<p><img decoding=\"async\" loading=\"lazy\" class=\" wp-image-12207 aligncenter\" src=\"https:\/\/www.caritasne2.org.br\/site\/wp-content\/uploads\/2024\/05\/AcervoCBNE2DocumentarioPraquemsopramosventos-10-300x200.jpeg\" alt=\"\" width=\"408\" height=\"272\" srcset=\"https:\/\/www.caritasne2.org.br\/site\/wp-content\/uploads\/2024\/05\/AcervoCBNE2DocumentarioPraquemsopramosventos-10-300x200.jpeg 300w, https:\/\/www.caritasne2.org.br\/site\/wp-content\/uploads\/2024\/05\/AcervoCBNE2DocumentarioPraquemsopramosventos-10-1024x682.jpeg 1024w, https:\/\/www.caritasne2.org.br\/site\/wp-content\/uploads\/2024\/05\/AcervoCBNE2DocumentarioPraquemsopramosventos-10-768x512.jpeg 768w, https:\/\/www.caritasne2.org.br\/site\/wp-content\/uploads\/2024\/05\/AcervoCBNE2DocumentarioPraquemsopramosventos-10.jpeg 1280w\" sizes=\"(max-width: 408px) 100vw, 408px\" \/><\/p>\n<p><img decoding=\"async\" loading=\"lazy\" class=\" wp-image-12206 aligncenter\" src=\"https:\/\/www.caritasne2.org.br\/site\/wp-content\/uploads\/2024\/05\/AcervoCBNE2DocumentarioPraquemsopramosventos-4-300x200.jpeg\" alt=\"\" width=\"413\" height=\"275\" srcset=\"https:\/\/www.caritasne2.org.br\/site\/wp-content\/uploads\/2024\/05\/AcervoCBNE2DocumentarioPraquemsopramosventos-4-300x200.jpeg 300w, https:\/\/www.caritasne2.org.br\/site\/wp-content\/uploads\/2024\/05\/AcervoCBNE2DocumentarioPraquemsopramosventos-4-1024x682.jpeg 1024w, https:\/\/www.caritasne2.org.br\/site\/wp-content\/uploads\/2024\/05\/AcervoCBNE2DocumentarioPraquemsopramosventos-4-768x512.jpeg 768w, https:\/\/www.caritasne2.org.br\/site\/wp-content\/uploads\/2024\/05\/AcervoCBNE2DocumentarioPraquemsopramosventos-4.jpeg 1280w\" sizes=\"(max-width: 413px) 100vw, 413px\" \/><\/p>\n<p style=\"text-align: center;\"><img decoding=\"async\" loading=\"lazy\" class=\"alignnone wp-image-12208\" src=\"https:\/\/www.caritasne2.org.br\/site\/wp-content\/uploads\/2024\/05\/AcervoCBNE2DocumentarioPraquemsopramosventos-3-300x200.jpeg\" alt=\"\" width=\"434\" height=\"289\" srcset=\"https:\/\/www.caritasne2.org.br\/site\/wp-content\/uploads\/2024\/05\/AcervoCBNE2DocumentarioPraquemsopramosventos-3-300x200.jpeg 300w, https:\/\/www.caritasne2.org.br\/site\/wp-content\/uploads\/2024\/05\/AcervoCBNE2DocumentarioPraquemsopramosventos-3-1024x682.jpeg 1024w, https:\/\/www.caritasne2.org.br\/site\/wp-content\/uploads\/2024\/05\/AcervoCBNE2DocumentarioPraquemsopramosventos-3-768x512.jpeg 768w, https:\/\/www.caritasne2.org.br\/site\/wp-content\/uploads\/2024\/05\/AcervoCBNE2DocumentarioPraquemsopramosventos-3.jpeg 1280w\" sizes=\"(max-width: 434px) 100vw, 434px\" \/><\/p>\n<p><img decoding=\"async\" class=\"aligncenter size-large wp-image-9668\" src=\"https:\/\/www.caritasne2.org.br\/wp-content\/uploads\/2022\/06\/Campanha-contra-impactos-eolicos-1024x576.png\" alt=\"\" width=\"700\" srcset=\"https:\/\/www.caritasne2.org.br\/site\/wp-content\/uploads\/2022\/06\/Campanha-contra-impactos-eolicos-1024x576.png 1024w, https:\/\/www.caritasne2.org.br\/site\/wp-content\/uploads\/2022\/06\/Campanha-contra-impactos-eolicos-300x169.png 300w, https:\/\/www.caritasne2.org.br\/site\/wp-content\/uploads\/2022\/06\/Campanha-contra-impactos-eolicos-768x432.png 768w, https:\/\/www.caritasne2.org.br\/site\/wp-content\/uploads\/2022\/06\/Campanha-contra-impactos-eolicos-1536x864.png 1536w, https:\/\/www.caritasne2.org.br\/site\/wp-content\/uploads\/2022\/06\/Campanha-contra-impactos-eolicos-588x330.png 588w, https:\/\/www.caritasne2.org.br\/site\/wp-content\/uploads\/2022\/06\/Campanha-contra-impactos-eolicos.png 1920w\" sizes=\"(max-width: 1024px) 100vw, 1024px\" \/><\/p>\n<ul class=\"ssb_list_wrapper\"><li class=\"fb2\" style=\"width:135px\"><iframe src=\"\/\/www.facebook.com\/plugins\/like.php?href=https%3A%2F%2Fwww.caritasne2.org.br%2Fsite%2Fcampanha-contra-impactos-eolicas%2F&amp;layout=button_count&amp;action=like&amp;show_faces=false&amp;share=true&amp;width=135&amp;height=21&amp;appId=307091639398582\" scrolling=\"no\" frameborder=\"0\" style=\"border:none; overflow:hidden;  width:150px; height:21px;\" allowTransparency=\"true\"><\/iframe><\/li><li class=\"twtr\" style=\"width:90px\"><a href=\"https:\/\/twitter.com\/share\" class=\"twitter-share-button\" data-url=\"https:\/\/www.caritasne2.org.br\/site\/campanha-contra-impactos-eolicas\/\">&nbsp;<\/a><script>!function(d,s,id){var js,fjs=d.getElementsByTagName(s)[0],p=\/^http:\/.test(d.location)?'http':'https';if(!d.getElementById(id)){js=d.createElement(s);js.id=id;js.src=p+':\/\/platform.twitter.com\/widgets.js';fjs.parentNode.insertBefore(js,fjs);}}(document, 'script', 'twitter-wjs');<\/script><\/li><li class=\"gplus\" style=\"width:68px\"><div class=\"g-plusone\" data-size=\"medium\" data-href=\"https:\/\/www.caritasne2.org.br\/site\/campanha-contra-impactos-eolicas\/\"><\/div><\/li><li class=\"ssb_linkedin\" style=\"width:64px\"><script src=\"\/\/platform.linkedin.com\/in.js\" type=\"text\/javascript\">lang: en_US<\/script><script type=\"IN\/Share\" data-url=\"https:\/\/www.caritasne2.org.br\/site\/campanha-contra-impactos-eolicas\/\" data-counter=\"right\"><\/script><\/li><\/ul>","protected":false},"excerpt":{"rendered":"<p>A C\u00e1ritas Brasileira Regional Nordeste 2 (CBNE2), organismo da Confer\u00eancia Nacional dos Bispos do Brasil (CNBB), com o apoio da institui\u00e7\u00e3o cat\u00f3lica alem\u00e3, Misereor, lan\u00e7ou no ano de 2022 uma campanha sobre os impactos dos parques de energia e\u00f3lica nos Estados nordestinos de Alagoas, Para\u00edba, Pernambuco e Rio Grande do Norte, territ\u00f3rio onde atua em 18 Entidades Membro. A iniciativa aconteceu gra\u00e7as ao Projeto \u201cPromo\u00e7\u00e3o [&hellip;]<\/p>\n","protected":false},"author":1,"featured_media":9668,"parent":0,"menu_order":0,"comment_status":"closed","ping_status":"closed","template":"","meta":[],"_links":{"self":[{"href":"https:\/\/www.caritasne2.org.br\/site\/wp-json\/wp\/v2\/pages\/9599"}],"collection":[{"href":"https:\/\/www.caritasne2.org.br\/site\/wp-json\/wp\/v2\/pages"}],"about":[{"href":"https:\/\/www.caritasne2.org.br\/site\/wp-json\/wp\/v2\/types\/page"}],"author":[{"embeddable":true,"href":"https:\/\/www.caritasne2.org.br\/site\/wp-json\/wp\/v2\/users\/1"}],"replies":[{"embeddable":true,"href":"https:\/\/www.caritasne2.org.br\/site\/wp-json\/wp\/v2\/comments?post=9599"}],"version-history":[{"count":4,"href":"https:\/\/www.caritasne2.org.br\/site\/wp-json\/wp\/v2\/pages\/9599\/revisions"}],"predecessor-version":[{"id":12211,"href":"https:\/\/www.caritasne2.org.br\/site\/wp-json\/wp\/v2\/pages\/9599\/revisions\/12211"}],"wp:featuredmedia":[{"embeddable":true,"href":"https:\/\/www.caritasne2.org.br\/site\/wp-json\/wp\/v2\/media\/9668"}],"wp:attachment":[{"href":"https:\/\/www.caritasne2.org.br\/site\/wp-json\/wp\/v2\/media?parent=9599"}],"curies":[{"name":"wp","href":"https:\/\/api.w.org\/{rel}","templated":true}]}}