{"id":8,"date":"2016-11-29T14:39:53","date_gmt":"2016-11-29T16:39:53","guid":{"rendered":"http:\/\/www.redevip.com.br\/demo\/caritasne\/?page_id=8"},"modified":"2022-05-09T15:58:01","modified_gmt":"2022-05-09T18:58:01","slug":"historia","status":"publish","type":"page","link":"https:\/\/www.caritasne2.org.br\/site\/historia\/","title":{"rendered":"Hist\u00f3ria"},"content":{"rendered":"<p>A C\u00e1ritas Brasileira, criada em 12 de Novembro de 1956 pela Confer\u00eancia Nacional dos Bispos do Brasil (CNBB), como um de seus organismos, foi incumbida de articular todas as obras sociais cat\u00f3licas e assumir a distribui\u00e7\u00e3o do\u00a0Programa de Alimentos para a Paz, subsidiado pelo governo estadunidense como um dos eixos de uma a\u00e7\u00e3o maior chamada \u201cPrograma Alian\u00e7a para o Progresso\u201d, implementada ap\u00f3s a Segunda Guerra Mundial.<\/p>\n<p>Em 1966, a quantidade de donativos para a Alian\u00e7a para o Progresso come\u00e7ou a diminuir e, em 1974, o programa foi extinto e, junto com ele, alguns regionais e muitas C\u00e1ritas Diocesanas encerraram suas atividades. Entretanto, muitas equipes j\u00e1 vinham trabalhando para se adequar aos novos tempos e foram encontrando um novo caminho em torno das ideias da educa\u00e7\u00e3o de base e da promo\u00e7\u00e3o humana no lugar do assistencialismo. Assim, deu-se um processo de renascimento da C\u00e1ritas Brasileira, apoiado nas orienta\u00e7\u00f5es sociais do Conc\u00edlio Vaticano II e da Confer\u00eancia de Medell\u00edn.<\/p>\n<p>Nos anos 1980, os(as) agentes C\u00e1ritas come\u00e7aram a respirar o ambiente da educa\u00e7\u00e3o popular, das Comunidades Eclesiais de Base (CEB\u2019s) e dos Organismos e Pastorais Sociais (CIMI, CPT, CPO). Isso possibilitou a renova\u00e7\u00e3o de sua metodologia de a\u00e7\u00e3o. A nova estrat\u00e9gia exigia um estudo da realidade para melhor compreend\u00ea-la.<\/p>\n<p>Foi nos anos 1990 que a C\u00e1ritas Brasileira projetou iniciativas inovadoras como a dos Projetos Alternativos Comunit\u00e1rios e, com equipes est\u00e1veis (nacional, regionais e muitas dioceses), ela assumiu uma lideran\u00e7a ativa no conjunto das pastorais sociais.<\/p>\n<p>A C\u00e1ritas Brasileira \u00e9 uma das 164 organiza\u00e7\u00f5es-membros da Rede C\u00e1ritas Internacionalis presentes no mundo. Com 60 anos de hist\u00f3ria, \u00e9 uma rede solid\u00e1ria de mais de 15 mil agentes, a maioria volunt\u00e1ria, com a\u00e7\u00e3o por todo o pa\u00eds. Nos \u00faltimos 10 anos p\u00f4de auxiliar mais de 300 mil fam\u00edlias, contribuindo para a transforma\u00e7\u00e3o de suas vidas e devolvendo a elas a esperan\u00e7a de novas conquistas.<\/p>\n<p>Atualmente, est\u00e1 organizada em uma rede com 183 entidades-membros, 12 regionais \u2013 Rio Grande do Sul, Santa Catarina, Paran\u00e1, S\u00e3o Paulo, Minas Gerais, Esp\u00edrito Santo, Norte 2 (Amap\u00e1 e Par\u00e1), Maranh\u00e3o, Piau\u00ed, Cear\u00e1, Nordeste 2 (Alagoas, Para\u00edba, Pernambuco e Rio Grande do Norte) e Nordeste III (Bahia e Sergipe) \u2013 e uma sede nacional. Atua em 450 munic\u00edpios, sendo presen\u00e7a solid\u00e1ria junto \u00e0s pessoas mais empobrecidas.<\/p>\n<h3>O Nosso Regional<\/h3>\n<p>Em Mar\u00e7o de 2001, durante a celebra\u00e7\u00e3o de 45 anos de exist\u00eancia da C\u00e1ritas no Brasil, foi aprovada pela Confer\u00eancia Regional dos Bispos do Brasil a funda\u00e7\u00e3o do Regional Nordeste 2 da C\u00e1ritas. A partir dessa aprova\u00e7\u00e3o, a Diretoria da C\u00e1ritas Brasileira solicitou a convoca\u00e7\u00e3o da assembleia de funda\u00e7\u00e3o, bem como a promo\u00e7\u00e3o de atividades solid\u00e1rias em prol do fortalecimento das entidades-membro.<\/p>\n<p><img decoding=\"async\" loading=\"lazy\" class=\"size-medium wp-image-481 alignright\" src=\"http:\/\/www.redevip.com.br\/demo\/caritasne\/wp-content\/uploads\/2016\/11\/Scan0001-300x223.jpg\" alt=\"\" width=\"300\" height=\"223\" srcset=\"https:\/\/www.caritasne2.org.br\/site\/wp-content\/uploads\/2016\/11\/Scan0001-300x223.jpg 300w, https:\/\/www.caritasne2.org.br\/site\/wp-content\/uploads\/2016\/11\/Scan0001-768x571.jpg 768w, https:\/\/www.caritasne2.org.br\/site\/wp-content\/uploads\/2016\/11\/Scan0001.jpg 953w\" sizes=\"(max-width: 300px) 100vw, 300px\" \/><\/p>\n<p>A funda\u00e7\u00e3o do Regional NE2 deu-se no dia 12 de Novembro de 2004, com o objetivo de aproximar a C\u00e1ritas Brasileira das entidades-membro, sendo estas as Dioceses de Caruaru, Pesqueira, Guarabira; Arquidioceses da Para\u00edba e Natal; A\u00e7\u00e3o Social Diocesana de Patos e de Cajazeiras; Departamento de A\u00e7\u00e3o Social Diocesano de Caic\u00f3 e de Mossor\u00f3; C\u00e1ritas Arquidiocesana de Macei\u00f3 e Centro Diocesano de Palmeira dos \u00cdndios.<\/p>\n<p>Atualmente, a C\u00e1ritas Brasileira Regional NE2, organismo da Confer\u00eancia Nacional dos Bispos do Brasil (CNBB), tem sede em Recife e atua\u00e7\u00e3o em quatro estados do Nordeste; Alagoas, Para\u00edba, Pernambuco e Rio Grande do Norte,\u00a0 e assume a palavra caridade no sentido de solidariedade, na perspectiva da <strong>\u201c<\/strong>solidariedade pela vida<strong>\u201d.<\/strong><\/p>\n<p><strong>\u00a0<\/strong>Composta por 18 entidades membros, organiza\u00e7\u00f5es que integram a Rede C\u00e1ritas nas inst\u00e2ncias Par\u00f3quiais, Diocesanas <strong>e <\/strong>Arquidiocesanas, inseridas em 21 Dioceses nestes quatro estados.\u00a0A C\u00e1ritas Brasileira Regional Nordeste 2 tem como orienta\u00e7\u00f5es estrat\u00e9gicas atuar na defesa da constru\u00e7\u00e3o solid\u00e1ria, sustent\u00e1vel e territorial de um projeto popular de sociedade democr\u00e1tica , de direito e transforma\u00e7\u00e3o social.<\/p>\n<p><a href=\"https:\/\/www.caritasne2.org.br\/parceria-em-acao-solidaria-emergencial-entrega-mais-de-21-mil-sabonetes-em-quatro-estados-do-ne\/whatsapp-image-2021-02-04-at-11-08-21-1-1\/\" rel=\"attachment wp-att-7630\"><img decoding=\"async\" loading=\"lazy\" class=\"aligncenter  wp-image-7630\" src=\"https:\/\/www.caritasne2.org.br\/wp-content\/uploads\/2021\/02\/WhatsApp-Image-2021-02-04-at-11.08.21-1-1.jpeg\" alt=\"\" width=\"343\" height=\"257\" srcset=\"https:\/\/www.caritasne2.org.br\/site\/wp-content\/uploads\/2021\/02\/WhatsApp-Image-2021-02-04-at-11.08.21-1-1.jpeg 1032w, https:\/\/www.caritasne2.org.br\/site\/wp-content\/uploads\/2021\/02\/WhatsApp-Image-2021-02-04-at-11.08.21-1-1-300x225.jpeg 300w, https:\/\/www.caritasne2.org.br\/site\/wp-content\/uploads\/2021\/02\/WhatsApp-Image-2021-02-04-at-11.08.21-1-1-768x576.jpeg 768w, https:\/\/www.caritasne2.org.br\/site\/wp-content\/uploads\/2021\/02\/WhatsApp-Image-2021-02-04-at-11.08.21-1-1-1024x768.jpeg 1024w\" sizes=\"(max-width: 343px) 100vw, 343px\" \/><\/a><\/p>\n<p><a href=\"https:\/\/www.caritasne2.org.br\/covid-19-e-agricultura-familiar-mais-de-3-000-familias-em-6-estados-do-nordeste-sao-beneficiadas-com-acao-emergencial\/novo-cajueiro-pesqueira-2\/\" rel=\"attachment wp-att-7615\"><img decoding=\"async\" loading=\"lazy\" class=\"aligncenter  wp-image-7615\" src=\"https:\/\/www.caritasne2.org.br\/wp-content\/uploads\/2021\/02\/Novo-Cajueiro-Pesqueira-2.jpg\" alt=\"\" width=\"382\" height=\"287\" srcset=\"https:\/\/www.caritasne2.org.br\/site\/wp-content\/uploads\/2021\/02\/Novo-Cajueiro-Pesqueira-2.jpg 1140w, https:\/\/www.caritasne2.org.br\/site\/wp-content\/uploads\/2021\/02\/Novo-Cajueiro-Pesqueira-2-300x225.jpg 300w, https:\/\/www.caritasne2.org.br\/site\/wp-content\/uploads\/2021\/02\/Novo-Cajueiro-Pesqueira-2-768x576.jpg 768w, https:\/\/www.caritasne2.org.br\/site\/wp-content\/uploads\/2021\/02\/Novo-Cajueiro-Pesqueira-2-1024x768.jpg 1024w\" sizes=\"(max-width: 382px) 100vw, 382px\" \/><\/a><\/p>\n<p><a href=\"https:\/\/www.caritasne2.org.br\/acao-da-caritas-diocesana-de-mossoro-desenvolve-horta-sustentavel-juntamente-com-integrantes-da-casa-de-acolhimento-na-comunidade-boa-nova\/capa-horta-sustentavel\/\" rel=\"attachment wp-att-7683\"><img decoding=\"async\" loading=\"lazy\" class=\"aligncenter  wp-image-7683\" src=\"https:\/\/www.caritasne2.org.br\/wp-content\/uploads\/2021\/02\/capa-horta-sustentavel.jpeg\" alt=\"\" width=\"312\" height=\"312\" srcset=\"https:\/\/www.caritasne2.org.br\/site\/wp-content\/uploads\/2021\/02\/capa-horta-sustentavel.jpeg 1280w, https:\/\/www.caritasne2.org.br\/site\/wp-content\/uploads\/2021\/02\/capa-horta-sustentavel-150x150.jpeg 150w, https:\/\/www.caritasne2.org.br\/site\/wp-content\/uploads\/2021\/02\/capa-horta-sustentavel-300x300.jpeg 300w, https:\/\/www.caritasne2.org.br\/site\/wp-content\/uploads\/2021\/02\/capa-horta-sustentavel-768x768.jpeg 768w, https:\/\/www.caritasne2.org.br\/site\/wp-content\/uploads\/2021\/02\/capa-horta-sustentavel-1024x1024.jpeg 1024w\" sizes=\"(max-width: 312px) 100vw, 312px\" \/><\/a><\/p>\n<ul class=\"ssb_list_wrapper\"><li class=\"fb2\" style=\"width:135px\"><iframe src=\"\/\/www.facebook.com\/plugins\/like.php?href=https%3A%2F%2Fwww.caritasne2.org.br%2Fsite%2Fhistoria%2F&amp;layout=button_count&amp;action=like&amp;show_faces=false&amp;share=true&amp;width=135&amp;height=21&amp;appId=307091639398582\" scrolling=\"no\" frameborder=\"0\" style=\"border:none; overflow:hidden;  width:150px; height:21px;\" allowTransparency=\"true\"><\/iframe><\/li><li class=\"twtr\" style=\"width:90px\"><a href=\"https:\/\/twitter.com\/share\" class=\"twitter-share-button\" data-url=\"https:\/\/www.caritasne2.org.br\/site\/historia\/\">&nbsp;<\/a><script>!function(d,s,id){var js,fjs=d.getElementsByTagName(s)[0],p=\/^http:\/.test(d.location)?'http':'https';if(!d.getElementById(id)){js=d.createElement(s);js.id=id;js.src=p+':\/\/platform.twitter.com\/widgets.js';fjs.parentNode.insertBefore(js,fjs);}}(document, 'script', 'twitter-wjs');<\/script><\/li><li class=\"gplus\" style=\"width:68px\"><div class=\"g-plusone\" data-size=\"medium\" data-href=\"https:\/\/www.caritasne2.org.br\/site\/historia\/\"><\/div><\/li><li class=\"ssb_linkedin\" style=\"width:64px\"><script src=\"\/\/platform.linkedin.com\/in.js\" type=\"text\/javascript\">lang: en_US<\/script><script type=\"IN\/Share\" data-url=\"https:\/\/www.caritasne2.org.br\/site\/historia\/\" data-counter=\"right\"><\/script><\/li><\/ul>","protected":false},"excerpt":{"rendered":"<p>A C\u00e1ritas Brasileira, criada em 12 de Novembro de 1956 pela Confer\u00eancia Nacional dos Bispos do Brasil (CNBB), como um de seus organismos, foi incumbida de articular todas as obras sociais cat\u00f3licas e assumir a distribui\u00e7\u00e3o do\u00a0Programa de Alimentos para a Paz, subsidiado pelo governo estadunidense como um dos eixos de uma a\u00e7\u00e3o maior chamada \u201cPrograma Alian\u00e7a para o Progresso\u201d, implementada ap\u00f3s a Segunda Guerra [&hellip;]<\/p>\n","protected":false},"author":1,"featured_media":481,"parent":0,"menu_order":0,"comment_status":"closed","ping_status":"closed","template":"","meta":[],"_links":{"self":[{"href":"https:\/\/www.caritasne2.org.br\/site\/wp-json\/wp\/v2\/pages\/8"}],"collection":[{"href":"https:\/\/www.caritasne2.org.br\/site\/wp-json\/wp\/v2\/pages"}],"about":[{"href":"https:\/\/www.caritasne2.org.br\/site\/wp-json\/wp\/v2\/types\/page"}],"author":[{"embeddable":true,"href":"https:\/\/www.caritasne2.org.br\/site\/wp-json\/wp\/v2\/users\/1"}],"replies":[{"embeddable":true,"href":"https:\/\/www.caritasne2.org.br\/site\/wp-json\/wp\/v2\/comments?post=8"}],"version-history":[{"count":1,"href":"https:\/\/www.caritasne2.org.br\/site\/wp-json\/wp\/v2\/pages\/8\/revisions"}],"predecessor-version":[{"id":11330,"href":"https:\/\/www.caritasne2.org.br\/site\/wp-json\/wp\/v2\/pages\/8\/revisions\/11330"}],"wp:featuredmedia":[{"embeddable":true,"href":"https:\/\/www.caritasne2.org.br\/site\/wp-json\/wp\/v2\/media\/481"}],"wp:attachment":[{"href":"https:\/\/www.caritasne2.org.br\/site\/wp-json\/wp\/v2\/media?parent=8"}],"curies":[{"name":"wp","href":"https:\/\/api.w.org\/{rel}","templated":true}]}}