{"id":5032,"date":"2017-07-31T16:07:21","date_gmt":"2017-07-31T19:07:21","guid":{"rendered":"http:\/\/www.caritasne2.org.br\/?page_id=5032"},"modified":"2022-06-13T08:09:05","modified_gmt":"2022-06-13T11:09:05","slug":"cofrinhos-solidarios","status":"publish","type":"page","link":"https:\/\/www.caritasne2.org.br\/site\/campanhas\/cofrinhos-solidarios\/","title":{"rendered":"Cofrinhos Solid\u00e1rios"},"content":{"rendered":"<p>A C\u00e1ritas Brasileira Regional Nordeste 2, lan\u00e7ou, a Campanha Cofrinhos Solid\u00e1rios. Com o mote \u201cSua moeda vale um sorriso\u201d, o objetivo \u00e9 iniciar um trabalho de capta\u00e7\u00e3o de recursos na perspectiva individual, tendo em vista o fortalecimento das Organiza\u00e7\u00f5es Membros que comp\u00f5em a Rede.<\/p>\n<p>De acordo com a proposta, a cada ano, ser\u00e1 trabalhada uma linha de a\u00e7\u00e3o em que a C\u00e1ritas atua. Em 2017, a arrecada\u00e7\u00e3o ter\u00e1 como alvo as a\u00e7\u00f5es em torno da inf\u00e2ncia, adolesc\u00eancia e juventudes. Para iniciar a campanha, foi confeccionado um milheiro de cofrinhos. Ap\u00f3s a apresenta\u00e7\u00e3o da din\u00e2mica de arrecada\u00e7\u00e3o \u00e0s Organiza\u00e7\u00f5es Membros, cada entidade est\u00e1\u00a0respons\u00e1vel por uma caixa com 66 unidades.<\/p>\n<p>Durante este primeiro ano, cada\u00a0 entidade membro\u00a0 vai trabalhar para captar a meta, que \u00e9 de R$ 660, ou seja, R$ 10 por cofrinho. Nos casos em que o valor estipulado for superado, o acr\u00e9scimo ficar\u00e1 para a pr\u00f3pria Organiza\u00e7\u00e3o Membro.<\/p>\n<p>A ideia \u00e9 que, ap\u00f3s as mobiliza\u00e7\u00f5es de capta\u00e7\u00e3o de recursos, as entidades fa\u00e7am a presta\u00e7\u00e3o de contas durante a fase avaliativa do Planejamento Operacional Anual (POA), prevista para ser realizada em novembro deste ano. Na ocasi\u00e3o, as entidades que se interessarem em receber o valor arrecadado pela Rede, dever\u00e3o expor a ideia de um projeto, que contemple a linha da inf\u00e2ncia, adolesc\u00eancia e juventudes. Em seguida, as demais Organiza\u00e7\u00f5es Membros votar\u00e3o e, dessa forma, o recurso ser\u00e1 repassado para que a a\u00e7\u00e3o seja iniciada.<\/p>\n<p>&nbsp;<\/p>\n<p><a href=\"https:\/\/www.caritasne2.org.br\/campanhas\/cofrinhos-solidarios\/cofrinhos-solidarios-600x424-300x212\/\" rel=\"attachment wp-att-9588\"><img decoding=\"async\" loading=\"lazy\" class=\"aligncenter wp-image-9588\" src=\"https:\/\/www.caritasne2.org.br\/wp-content\/uploads\/2022\/06\/Cofrinhos-Solidarios-600x424-300x212-1.jpg\" alt=\"\" width=\"410\" height=\"290\" \/><\/a><\/p>\n<ul class=\"ssb_list_wrapper\"><li class=\"fb2\" style=\"width:135px\"><iframe src=\"\/\/www.facebook.com\/plugins\/like.php?href=https%3A%2F%2Fwww.caritasne2.org.br%2Fsite%2Fcampanhas%2Fcofrinhos-solidarios%2F&amp;layout=button_count&amp;action=like&amp;show_faces=false&amp;share=true&amp;width=135&amp;height=21&amp;appId=307091639398582\" scrolling=\"no\" frameborder=\"0\" style=\"border:none; overflow:hidden;  width:150px; height:21px;\" allowTransparency=\"true\"><\/iframe><\/li><li class=\"twtr\" style=\"width:90px\"><a href=\"https:\/\/twitter.com\/share\" class=\"twitter-share-button\" data-url=\"https:\/\/www.caritasne2.org.br\/site\/campanhas\/cofrinhos-solidarios\/\">&nbsp;<\/a><script>!function(d,s,id){var js,fjs=d.getElementsByTagName(s)[0],p=\/^http:\/.test(d.location)?'http':'https';if(!d.getElementById(id)){js=d.createElement(s);js.id=id;js.src=p+':\/\/platform.twitter.com\/widgets.js';fjs.parentNode.insertBefore(js,fjs);}}(document, 'script', 'twitter-wjs');<\/script><\/li><li class=\"gplus\" style=\"width:68px\"><div class=\"g-plusone\" data-size=\"medium\" data-href=\"https:\/\/www.caritasne2.org.br\/site\/campanhas\/cofrinhos-solidarios\/\"><\/div><\/li><li class=\"ssb_linkedin\" style=\"width:64px\"><script src=\"\/\/platform.linkedin.com\/in.js\" type=\"text\/javascript\">lang: en_US<\/script><script type=\"IN\/Share\" data-url=\"https:\/\/www.caritasne2.org.br\/site\/campanhas\/cofrinhos-solidarios\/\" data-counter=\"right\"><\/script><\/li><\/ul>","protected":false},"excerpt":{"rendered":"<p>A C\u00e1ritas Brasileira Regional Nordeste 2, lan\u00e7ou, a Campanha Cofrinhos Solid\u00e1rios. Com o mote \u201cSua moeda vale um sorriso\u201d, o objetivo \u00e9 iniciar um trabalho de capta\u00e7\u00e3o de recursos na perspectiva individual, tendo em vista o fortalecimento das Organiza\u00e7\u00f5es Membros que comp\u00f5em a Rede. De acordo com a proposta, a cada ano, ser\u00e1 trabalhada uma linha de a\u00e7\u00e3o em que a C\u00e1ritas atua. Em 2017, [&hellip;]<\/p>\n","protected":false},"author":4,"featured_media":5037,"parent":34,"menu_order":0,"comment_status":"closed","ping_status":"closed","template":"","meta":[],"_links":{"self":[{"href":"https:\/\/www.caritasne2.org.br\/site\/wp-json\/wp\/v2\/pages\/5032"}],"collection":[{"href":"https:\/\/www.caritasne2.org.br\/site\/wp-json\/wp\/v2\/pages"}],"about":[{"href":"https:\/\/www.caritasne2.org.br\/site\/wp-json\/wp\/v2\/types\/page"}],"author":[{"embeddable":true,"href":"https:\/\/www.caritasne2.org.br\/site\/wp-json\/wp\/v2\/users\/4"}],"replies":[{"embeddable":true,"href":"https:\/\/www.caritasne2.org.br\/site\/wp-json\/wp\/v2\/comments?post=5032"}],"version-history":[{"count":0,"href":"https:\/\/www.caritasne2.org.br\/site\/wp-json\/wp\/v2\/pages\/5032\/revisions"}],"up":[{"embeddable":true,"href":"https:\/\/www.caritasne2.org.br\/site\/wp-json\/wp\/v2\/pages\/34"}],"wp:featuredmedia":[{"embeddable":true,"href":"https:\/\/www.caritasne2.org.br\/site\/wp-json\/wp\/v2\/media\/5037"}],"wp:attachment":[{"href":"https:\/\/www.caritasne2.org.br\/site\/wp-json\/wp\/v2\/media?parent=5032"}],"curies":[{"name":"wp","href":"https:\/\/api.w.org\/{rel}","templated":true}]}}