{"id":5006,"date":"2017-07-31T11:19:49","date_gmt":"2017-07-31T14:19:49","guid":{"rendered":"http:\/\/www.caritasne2.org.br\/?page_id=5006"},"modified":"2017-07-31T11:52:06","modified_gmt":"2017-07-31T14:52:06","slug":"nenhum-direito-a-menos","status":"publish","type":"page","link":"https:\/\/www.caritasne2.org.br\/site\/mobilizacoes\/nenhum-direito-a-menos\/","title":{"rendered":"Nenhum Direito a Menos"},"content":{"rendered":"<p>Os \u00faltimos anos foram inegavelmente significativos na hist\u00f3ria do Brasil, quando nos referimos \u00e0s lutas que permitiram conquistas de direitos e, consequentemente, a diminui\u00e7\u00e3o das desigualdades sociais. Podemos reconhecer que esse processo consolidou-se a partir da invers\u00e3o\u00a0de prioridades <img decoding=\"async\" loading=\"lazy\" class=\" wp-image-5016 alignright\" src=\"http:\/\/www.caritasne2.org.br\/wp-content\/uploads\/2017\/07\/banner_caritas-1-240x300.jpg\" alt=\"\" width=\"303\" height=\"379\" srcset=\"https:\/\/www.caritasne2.org.br\/site\/wp-content\/uploads\/2017\/07\/banner_caritas-1-240x300.jpg 240w, https:\/\/www.caritasne2.org.br\/site\/wp-content\/uploads\/2017\/07\/banner_caritas-1-768x960.jpg 768w, https:\/\/www.caritasne2.org.br\/site\/wp-content\/uploads\/2017\/07\/banner_caritas-1-819x1024.jpg 819w\" sizes=\"(max-width: 303px) 100vw, 303px\" \/>que, no di\u00e1logo entre Estado, organiza\u00e7\u00f5es n\u00e3o governamentais e sociedade civil, possibilitaram maior participa\u00e7\u00e3o popular nas decis\u00f5es e solu\u00e7\u00f5es mais apropriadas para os problemas socioecon\u00f4micos e pol\u00edticos.<\/p>\n<p>No entanto, por for\u00e7a de um sistema vigente que privilegia o lucro ao inv\u00e9s das pessoas, temos ainda muitas dificuldades a superar. H\u00e1 muitos direitos, mesmo previstos em lei, ainda distantes daqueles que vivem nas periferias das grandes cidades e nos rinc\u00f5es do nosso pa\u00eds. \u00c9 ainda poss\u00edvel colocar no contexto os efeitos das mudan\u00e7as clim\u00e1ticas que est\u00e3o gerando secas prolongadas, como a que acontece no Semi\u00e1rido Brasileiro h\u00e1 cinco anos.<\/p>\n<p>Al\u00e9m desse cen\u00e1rio de desigualdade, contr\u00e1rio \u00e0 Constitui\u00e7\u00e3o de 1988, que nos d\u00e1 condi\u00e7\u00e3o igual perante a lei, \u00e0 justi\u00e7a e aos bens materiais necess\u00e1rios \u00e0 qualidade de vida, iniciativas di\u00e1rias de alguns setores da sociedade, sobretudo os detentores do capital aliados a grupos pol\u00edticos, tentam reduzir direitos j\u00e1 alcan\u00e7ados, como os essenciais relacionados \u00e0 sa\u00fade, educa\u00e7\u00e3o e trabalho.<\/p>\n<p>Diante isso, em 2017, n\u00f3s que fazemos a C\u00e1ritas Brasileira Regional Nordeste 2, inspirados por profetas e m\u00e1rtires que acreditaram, resistiram e lutaram, refor\u00e7amos o nosso compromisso de unirmo-nos aos movimentos, grupos e pessoas que est\u00e3o do e ao lado dos mais pobres, cumprindo mandado do Evangelho de Jesus Cristo, por nenhum direito a menos, colocando sempre a vida em primeiro lugar.<\/p>\n<ul class=\"ssb_list_wrapper\"><li class=\"fb2\" style=\"width:135px\"><iframe src=\"\/\/www.facebook.com\/plugins\/like.php?href=https%3A%2F%2Fwww.caritasne2.org.br%2Fsite%2Fmobilizacoes%2Fnenhum-direito-a-menos%2F&amp;layout=button_count&amp;action=like&amp;show_faces=false&amp;share=true&amp;width=135&amp;height=21&amp;appId=307091639398582\" scrolling=\"no\" frameborder=\"0\" style=\"border:none; overflow:hidden;  width:150px; height:21px;\" allowTransparency=\"true\"><\/iframe><\/li><li class=\"twtr\" style=\"width:90px\"><a href=\"https:\/\/twitter.com\/share\" class=\"twitter-share-button\" data-url=\"https:\/\/www.caritasne2.org.br\/site\/mobilizacoes\/nenhum-direito-a-menos\/\">&nbsp;<\/a><script>!function(d,s,id){var js,fjs=d.getElementsByTagName(s)[0],p=\/^http:\/.test(d.location)?'http':'https';if(!d.getElementById(id)){js=d.createElement(s);js.id=id;js.src=p+':\/\/platform.twitter.com\/widgets.js';fjs.parentNode.insertBefore(js,fjs);}}(document, 'script', 'twitter-wjs');<\/script><\/li><li class=\"gplus\" style=\"width:68px\"><div class=\"g-plusone\" data-size=\"medium\" data-href=\"https:\/\/www.caritasne2.org.br\/site\/mobilizacoes\/nenhum-direito-a-menos\/\"><\/div><\/li><li class=\"ssb_linkedin\" style=\"width:64px\"><script src=\"\/\/platform.linkedin.com\/in.js\" type=\"text\/javascript\">lang: en_US<\/script><script type=\"IN\/Share\" data-url=\"https:\/\/www.caritasne2.org.br\/site\/mobilizacoes\/nenhum-direito-a-menos\/\" data-counter=\"right\"><\/script><\/li><\/ul>","protected":false},"excerpt":{"rendered":"<p>Os \u00faltimos anos foram inegavelmente significativos na hist\u00f3ria do Brasil, quando nos referimos \u00e0s lutas que permitiram conquistas de direitos e, consequentemente, a diminui\u00e7\u00e3o das desigualdades sociais. Podemos reconhecer que esse processo consolidou-se a partir da invers\u00e3o\u00a0de prioridades que, no di\u00e1logo entre Estado, organiza\u00e7\u00f5es n\u00e3o governamentais e sociedade civil, possibilitaram maior participa\u00e7\u00e3o popular nas decis\u00f5es e solu\u00e7\u00f5es mais apropriadas para os problemas socioecon\u00f4micos e pol\u00edticos. [&hellip;]<\/p>\n","protected":false},"author":4,"featured_media":5009,"parent":5017,"menu_order":0,"comment_status":"closed","ping_status":"closed","template":"","meta":[],"_links":{"self":[{"href":"https:\/\/www.caritasne2.org.br\/site\/wp-json\/wp\/v2\/pages\/5006"}],"collection":[{"href":"https:\/\/www.caritasne2.org.br\/site\/wp-json\/wp\/v2\/pages"}],"about":[{"href":"https:\/\/www.caritasne2.org.br\/site\/wp-json\/wp\/v2\/types\/page"}],"author":[{"embeddable":true,"href":"https:\/\/www.caritasne2.org.br\/site\/wp-json\/wp\/v2\/users\/4"}],"replies":[{"embeddable":true,"href":"https:\/\/www.caritasne2.org.br\/site\/wp-json\/wp\/v2\/comments?post=5006"}],"version-history":[{"count":0,"href":"https:\/\/www.caritasne2.org.br\/site\/wp-json\/wp\/v2\/pages\/5006\/revisions"}],"up":[{"embeddable":true,"href":"https:\/\/www.caritasne2.org.br\/site\/wp-json\/wp\/v2\/pages\/5017"}],"wp:featuredmedia":[{"embeddable":true,"href":"https:\/\/www.caritasne2.org.br\/site\/wp-json\/wp\/v2\/media\/5009"}],"wp:attachment":[{"href":"https:\/\/www.caritasne2.org.br\/site\/wp-json\/wp\/v2\/media?parent=5006"}],"curies":[{"name":"wp","href":"https:\/\/api.w.org\/{rel}","templated":true}]}}