{"id":48,"date":"2016-11-29T15:04:52","date_gmt":"2016-11-29T18:04:52","guid":{"rendered":"http:\/\/www.redevip.com.br\/demo\/caritasne\/?page_id=48"},"modified":"2023-08-31T09:26:39","modified_gmt":"2023-08-31T12:26:39","slug":"doe-aqui","status":"publish","type":"page","link":"https:\/\/www.caritasne2.org.br\/site\/doe-aqui\/","title":{"rendered":"Doe aqui"},"content":{"rendered":"<h1><span style=\"color: #ff0000;\"><em>Sua doa\u00e7\u00e3o\u00a0 pode mudar a vida de milhares de fam\u00edlias em situa\u00e7\u00e3o de vulnerabilidade social.\u00a0<\/em><\/span><\/h1>\n<p><b>Doa\u00e7\u00e3o que Transforma!<\/b><div class=\"twocol_one\"><\/p>\n<table class=\"tabela-doe\">\n<tbody>\n<tr>\n<td style=\"width: 100px; vertical-align: middle;\"><img decoding=\"async\" loading=\"lazy\" class=\"alignnone size-medium wp-image-11293\" src=\"https:\/\/www.caritasne2.org.br\/site\/wp-content\/uploads\/2023\/08\/donation-vector-icon-png_296045-300x300.jpg\" alt=\"\" width=\"300\" height=\"300\" srcset=\"https:\/\/www.caritasne2.org.br\/site\/wp-content\/uploads\/2023\/08\/donation-vector-icon-png_296045-300x300.jpg 300w, https:\/\/www.caritasne2.org.br\/site\/wp-content\/uploads\/2023\/08\/donation-vector-icon-png_296045-150x150.jpg 150w, https:\/\/www.caritasne2.org.br\/site\/wp-content\/uploads\/2023\/08\/donation-vector-icon-png_296045.jpg 640w\" sizes=\"(max-width: 300px) 100vw, 300px\" \/><\/td>\n<td><strong><span style=\"color: #900e0e;\">Dep\u00f3sito na conta banc\u00e1ria<\/span><\/strong><br \/>\nDessa forma, al\u00e9m da sua pr\u00f3pria doa\u00e7\u00e3o, voc\u00ea pode fazer mobiliza\u00e7\u00f5es para arrecadar fundos, promovendo a\u00e7\u00f5es junto aos seus familiares, amigos\/as, colegas de trabalho, etc;<\/td>\n<\/tr>\n<\/tbody>\n<\/table>\n<p><strong>Banco do Brasil <\/strong><br \/>\n<strong>Ag\u00eancia:<\/strong> 1833-3<br \/>\n<strong>Conta-Corrente:<\/strong>\u00a043.879-0<\/p>\n<p><strong>Chave PIX<\/strong><br \/>\n<b>CNPJ:\u00a033.654.419\/0011-98<\/b><\/p>\n<p><em>Seja um parceiro ou parceira da Rede C\u00e1ritas e colabore com a\u00e7\u00f5es sociais nos estados de Alagoas, Para\u00edba, Pernambuco e Rio Grande do Norte. <\/em><\/p>\n<p><strong><em>Venha fazer parte dessa Rede e\u00a0<\/em> juntos\/as ampliar essa corrente de solidariedade!<\/strong><\/p>\n<p><img decoding=\"async\" loading=\"lazy\" class=\" wp-image-11343 aligncenter\" src=\"https:\/\/www.caritasne2.org.br\/site\/wp-content\/uploads\/2023\/08\/WhatsApp-Image-2021-12-06-at-14.36.16-1-300x215.jpeg\" alt=\"\" width=\"543\" height=\"389\" srcset=\"https:\/\/www.caritasne2.org.br\/site\/wp-content\/uploads\/2023\/08\/WhatsApp-Image-2021-12-06-at-14.36.16-1-300x215.jpeg 300w, https:\/\/www.caritasne2.org.br\/site\/wp-content\/uploads\/2023\/08\/WhatsApp-Image-2021-12-06-at-14.36.16-1-1024x735.jpeg 1024w, https:\/\/www.caritasne2.org.br\/site\/wp-content\/uploads\/2023\/08\/WhatsApp-Image-2021-12-06-at-14.36.16-1-768x551.jpeg 768w, https:\/\/www.caritasne2.org.br\/site\/wp-content\/uploads\/2023\/08\/WhatsApp-Image-2021-12-06-at-14.36.16-1.jpeg 1280w\" sizes=\"(max-width: 543px) 100vw, 543px\" \/><\/p>\n<p><\/div><br \/>\n<div class=\"twocol_one last\"><br \/>\n<img decoding=\"async\" class=\"size-full wp-image-4566 img-doe\" src=\"https:\/\/www.caritasne2.org.br\/wp-content\/uploads\/2022\/06\/FOTO-DOE-AQUI.jpg\" alt=\"\" \/><br \/>\n<\/div><\/p>\n<div class=\"clear\" style=\"text-align: center;\"><\/div>\n<ul class=\"ssb_list_wrapper\"><li class=\"fb2\" style=\"width:135px\"><iframe src=\"\/\/www.facebook.com\/plugins\/like.php?href=https%3A%2F%2Fwww.caritasne2.org.br%2Fsite%2Fdoe-aqui%2F&amp;layout=button_count&amp;action=like&amp;show_faces=false&amp;share=true&amp;width=135&amp;height=21&amp;appId=307091639398582\" scrolling=\"no\" frameborder=\"0\" style=\"border:none; overflow:hidden;  width:150px; height:21px;\" allowTransparency=\"true\"><\/iframe><\/li><li class=\"twtr\" style=\"width:90px\"><a href=\"https:\/\/twitter.com\/share\" class=\"twitter-share-button\" data-url=\"https:\/\/www.caritasne2.org.br\/site\/doe-aqui\/\">&nbsp;<\/a><script>!function(d,s,id){var js,fjs=d.getElementsByTagName(s)[0],p=\/^http:\/.test(d.location)?'http':'https';if(!d.getElementById(id)){js=d.createElement(s);js.id=id;js.src=p+':\/\/platform.twitter.com\/widgets.js';fjs.parentNode.insertBefore(js,fjs);}}(document, 'script', 'twitter-wjs');<\/script><\/li><li class=\"gplus\" style=\"width:68px\"><div class=\"g-plusone\" data-size=\"medium\" data-href=\"https:\/\/www.caritasne2.org.br\/site\/doe-aqui\/\"><\/div><\/li><li class=\"ssb_linkedin\" style=\"width:64px\"><script src=\"\/\/platform.linkedin.com\/in.js\" type=\"text\/javascript\">lang: en_US<\/script><script type=\"IN\/Share\" data-url=\"https:\/\/www.caritasne2.org.br\/site\/doe-aqui\/\" data-counter=\"right\"><\/script><\/li><\/ul>","protected":false},"excerpt":{"rendered":"<p>Sua doa\u00e7\u00e3o\u00a0 pode mudar a vida de milhares de fam\u00edlias em situa\u00e7\u00e3o de vulnerabilidade social.\u00a0 Doa\u00e7\u00e3o que Transforma! &nbsp;<\/p>\n","protected":false},"author":1,"featured_media":11315,"parent":0,"menu_order":0,"comment_status":"closed","ping_status":"closed","template":"","meta":[],"_links":{"self":[{"href":"https:\/\/www.caritasne2.org.br\/site\/wp-json\/wp\/v2\/pages\/48"}],"collection":[{"href":"https:\/\/www.caritasne2.org.br\/site\/wp-json\/wp\/v2\/pages"}],"about":[{"href":"https:\/\/www.caritasne2.org.br\/site\/wp-json\/wp\/v2\/types\/page"}],"author":[{"embeddable":true,"href":"https:\/\/www.caritasne2.org.br\/site\/wp-json\/wp\/v2\/users\/1"}],"replies":[{"embeddable":true,"href":"https:\/\/www.caritasne2.org.br\/site\/wp-json\/wp\/v2\/comments?post=48"}],"version-history":[{"count":6,"href":"https:\/\/www.caritasne2.org.br\/site\/wp-json\/wp\/v2\/pages\/48\/revisions"}],"predecessor-version":[{"id":11345,"href":"https:\/\/www.caritasne2.org.br\/site\/wp-json\/wp\/v2\/pages\/48\/revisions\/11345"}],"wp:featuredmedia":[{"embeddable":true,"href":"https:\/\/www.caritasne2.org.br\/site\/wp-json\/wp\/v2\/media\/11315"}],"wp:attachment":[{"href":"https:\/\/www.caritasne2.org.br\/site\/wp-json\/wp\/v2\/media?parent=48"}],"curies":[{"name":"wp","href":"https:\/\/api.w.org\/{rel}","templated":true}]}}