{"id":38,"date":"2016-11-29T14:51:31","date_gmt":"2016-11-29T16:51:31","guid":{"rendered":"http:\/\/www.redevip.com.br\/demo\/caritasne\/?page_id=38"},"modified":"2023-12-07T09:53:02","modified_gmt":"2023-12-07T12:53:02","slug":"10-milhoes-de-estrelas","status":"publish","type":"page","link":"https:\/\/www.caritasne2.org.br\/site\/campanhas\/10-milhoes-de-estrelas\/","title":{"rendered":"10 milh\u00f5es de Estrelas"},"content":{"rendered":"<p style=\"text-align: justify;\" align=\"right\">As estrelas sempre encantaram a humanidade e est\u00e3o presentes na espiritualidade de povos, denomina\u00e7\u00f5es religiosas e Igrejas. Inspirada nesse encantamento pelos caminhos que esses astros luminosos nos indicam, a C\u00e1ritas Brasileira lan\u00e7ou em 2014 a campanha 10 Milh\u00f5es de Estrelas.\u00a0A paz \u00e9 o tema e compromisso permanente da campanha. A cada ano, no entanto, assumimos novos enfoques sociais para que essa iniciativa promova concretamente a paz e nos irmane no compromisso com os empobrecidos.<\/p>\n<p><img decoding=\"async\" loading=\"lazy\" class=\"wp-image-11318 alignleft\" src=\"https:\/\/www.caritasne2.org.br\/site\/wp-content\/uploads\/2023\/08\/Captura-de-tela-2023-08-22-110355-300x300.png\" alt=\"\" width=\"315\" height=\"315\" srcset=\"https:\/\/www.caritasne2.org.br\/site\/wp-content\/uploads\/2023\/08\/Captura-de-tela-2023-08-22-110355-300x300.png 300w, https:\/\/www.caritasne2.org.br\/site\/wp-content\/uploads\/2023\/08\/Captura-de-tela-2023-08-22-110355-150x150.png 150w, https:\/\/www.caritasne2.org.br\/site\/wp-content\/uploads\/2023\/08\/Captura-de-tela-2023-08-22-110355.png 667w\" sizes=\"(max-width: 315px) 100vw, 315px\" \/>A Campanha 10 Milh\u00f5es de Estrelas \u00e9 uma iniciativa permanente da C\u00e1ritas Brasileira que se repete a cada ano como gesto concreto e coletivo na perspectiva da consolida\u00e7\u00e3o da cultura de paz, da justi\u00e7a social e de uma espiritualidade historicamente comprometida. E tem como objetivo de promover a esperan\u00e7a e acolhimento \u00e0s fam\u00edlias em situa\u00e7\u00e3o de vulnerabilidade social e o fortalecimento de iniciativas sociais desenvolvidas pela institui\u00e7\u00e3o. Na C\u00e1ritas Brasileira NE2 esses objetivos s\u00e3o fortalecidos em seus quatro estados de atua\u00e7\u00e3o, Alagoas, Para\u00edba, Pernambuco e Rio Grande do Norte, a partir de 19 entidades &#8211; membro.<\/p>\n<p>Neste processo de constru\u00e7\u00e3o coletiva, esperamos que a\u00a0 iniciativa favore\u00e7a a sensibiliza\u00e7\u00e3o das consci\u00eancias a respeito das quest\u00f5es que atentam contra a vida e a dignidade das pessoas, mas que tamb\u00e9m provoque a solidariedade, formando uma constela\u00e7\u00e3o humana pela paz.<\/p>\n<p>Em 2023\u00a0 a Campanha vem com o tema <em>Quem tem fome, tem pressa. Vamos logo socorrer! <\/em>e o lema: \u201ctive fome e me destes de comer\u201d Mt 25,35.\u00a0 Neste sentido contamos com voc\u00ea, com seu grupo, institui\u00e7\u00e3o ou comunidade para que essa constela\u00e7\u00e3o solid\u00e1ria aqui no Brasil , e em nosso Regional NE2 acenda milhares de luzes pela paz na noite de Natal.<\/p>\n<p>A vela tem custo unit\u00e1rio de<strong> R$ 6,00 (seis reais)<\/strong>.\u00a0 Mas este ano temos kits especiais para presentear no Natal. Para adquiri-la, voc\u00ea ou sua organiza\u00e7\u00e3o deve entrar em contato diretamente com as C\u00e1ritas Paroquial, Diocesana, Arquidiocesana\u00a0 ou com a C\u00e1ritas\u00a0 Brasileira Regional NE2.<\/p>\n<p style=\"text-align: justify;\"><strong>Mais informa\u00e7\u00f5es atrav\u00e9s do telefone (81) 3231.3435.<\/strong><\/p>\n<p style=\"text-align: justify;\">\n<ul class=\"ssb_list_wrapper\"><li class=\"fb2\" style=\"width:135px\"><iframe src=\"\/\/www.facebook.com\/plugins\/like.php?href=https%3A%2F%2Fwww.caritasne2.org.br%2Fsite%2Fcampanhas%2F10-milhoes-de-estrelas%2F&amp;layout=button_count&amp;action=like&amp;show_faces=false&amp;share=true&amp;width=135&amp;height=21&amp;appId=307091639398582\" scrolling=\"no\" frameborder=\"0\" style=\"border:none; overflow:hidden;  width:150px; height:21px;\" allowTransparency=\"true\"><\/iframe><\/li><li class=\"twtr\" style=\"width:90px\"><a href=\"https:\/\/twitter.com\/share\" class=\"twitter-share-button\" data-url=\"https:\/\/www.caritasne2.org.br\/site\/campanhas\/10-milhoes-de-estrelas\/\">&nbsp;<\/a><script>!function(d,s,id){var js,fjs=d.getElementsByTagName(s)[0],p=\/^http:\/.test(d.location)?'http':'https';if(!d.getElementById(id)){js=d.createElement(s);js.id=id;js.src=p+':\/\/platform.twitter.com\/widgets.js';fjs.parentNode.insertBefore(js,fjs);}}(document, 'script', 'twitter-wjs');<\/script><\/li><li class=\"gplus\" style=\"width:68px\"><div class=\"g-plusone\" data-size=\"medium\" data-href=\"https:\/\/www.caritasne2.org.br\/site\/campanhas\/10-milhoes-de-estrelas\/\"><\/div><\/li><li class=\"ssb_linkedin\" style=\"width:64px\"><script src=\"\/\/platform.linkedin.com\/in.js\" type=\"text\/javascript\">lang: en_US<\/script><script type=\"IN\/Share\" data-url=\"https:\/\/www.caritasne2.org.br\/site\/campanhas\/10-milhoes-de-estrelas\/\" data-counter=\"right\"><\/script><\/li><\/ul>","protected":false},"excerpt":{"rendered":"<p>As estrelas sempre encantaram a humanidade e est\u00e3o presentes na espiritualidade de povos, denomina\u00e7\u00f5es religiosas e Igrejas. Inspirada nesse encantamento pelos caminhos que esses astros luminosos nos indicam, a C\u00e1ritas Brasileira lan\u00e7ou em 2014 a campanha 10 Milh\u00f5es de Estrelas.\u00a0A paz \u00e9 o tema e compromisso permanente da campanha. A cada ano, no entanto, assumimos novos enfoques sociais para que essa iniciativa promova concretamente a [&hellip;]<\/p>\n","protected":false},"author":1,"featured_media":413,"parent":34,"menu_order":0,"comment_status":"closed","ping_status":"closed","template":"","meta":[],"_links":{"self":[{"href":"https:\/\/www.caritasne2.org.br\/site\/wp-json\/wp\/v2\/pages\/38"}],"collection":[{"href":"https:\/\/www.caritasne2.org.br\/site\/wp-json\/wp\/v2\/pages"}],"about":[{"href":"https:\/\/www.caritasne2.org.br\/site\/wp-json\/wp\/v2\/types\/page"}],"author":[{"embeddable":true,"href":"https:\/\/www.caritasne2.org.br\/site\/wp-json\/wp\/v2\/users\/1"}],"replies":[{"embeddable":true,"href":"https:\/\/www.caritasne2.org.br\/site\/wp-json\/wp\/v2\/comments?post=38"}],"version-history":[{"count":3,"href":"https:\/\/www.caritasne2.org.br\/site\/wp-json\/wp\/v2\/pages\/38\/revisions"}],"predecessor-version":[{"id":11737,"href":"https:\/\/www.caritasne2.org.br\/site\/wp-json\/wp\/v2\/pages\/38\/revisions\/11737"}],"up":[{"embeddable":true,"href":"https:\/\/www.caritasne2.org.br\/site\/wp-json\/wp\/v2\/pages\/34"}],"wp:featuredmedia":[{"embeddable":true,"href":"https:\/\/www.caritasne2.org.br\/site\/wp-json\/wp\/v2\/media\/413"}],"wp:attachment":[{"href":"https:\/\/www.caritasne2.org.br\/site\/wp-json\/wp\/v2\/media?parent=38"}],"curies":[{"name":"wp","href":"https:\/\/api.w.org\/{rel}","templated":true}]}}