{"id":32,"date":"2016-11-29T14:49:41","date_gmt":"2016-11-29T16:49:41","guid":{"rendered":"http:\/\/www.redevip.com.br\/demo\/caritasne\/?page_id=32"},"modified":"2022-05-20T15:43:21","modified_gmt":"2022-05-20T18:43:21","slug":"seguranca-alimentar-e-nutricional","status":"publish","type":"page","link":"https:\/\/www.caritasne2.org.br\/site\/linhas-de-atuacao\/seguranca-alimentar-e-nutricional\/","title":{"rendered":"Seguran\u00e7a Alimentar e Nutricional"},"content":{"rendered":"<p>A garantia de uma alimenta\u00e7\u00e3o adequada e saud\u00e1vel \u00e9 condi\u00e7\u00e3o fundamental para uma vida digna e para o bem estar coletivo. Diante desse cen\u00e1rio, a C\u00e1ritas Brasileira Regional NE2 desenvolve a\u00e7\u00f5es junto a grupos e comunidades em situa\u00e7\u00e3o de vulnerabilidade para que atuem no fortalecimento e na garantia das pol\u00edticas p\u00fablicas de seguran\u00e7a alimentar e nutricional.<\/p>\n<p>Nos estados de atua\u00e7\u00e3o da C\u00e1ritas Brasileira Regional Nordeste 2 temos promovido esta inciativa atrav\u00e9s dos projetos : \u201c<strong>Promo\u00e7\u00e3o e Defesa de Direitos na Perspectiva da Constru\u00e7\u00e3o de Sociedades do Bem Viver\u201d<\/strong>, parceria da CBNE2 com a institui\u00e7\u00e3o cat\u00f3lica alem\u00e3 Misereor, e\u00a0 <strong>Quintais Ecoprodutivos,<\/strong> em parceria com Complexo Industrial e Portu\u00e1rio de Suape.<\/p>\n<ul class=\"ssb_list_wrapper\"><li class=\"fb2\" style=\"width:135px\"><iframe src=\"\/\/www.facebook.com\/plugins\/like.php?href=https%3A%2F%2Fwww.caritasne2.org.br%2Fsite%2Flinhas-de-atuacao%2Fseguranca-alimentar-e-nutricional%2F&amp;layout=button_count&amp;action=like&amp;show_faces=false&amp;share=true&amp;width=135&amp;height=21&amp;appId=307091639398582\" scrolling=\"no\" frameborder=\"0\" style=\"border:none; overflow:hidden;  width:150px; height:21px;\" allowTransparency=\"true\"><\/iframe><\/li><li class=\"twtr\" style=\"width:90px\"><a href=\"https:\/\/twitter.com\/share\" class=\"twitter-share-button\" data-url=\"https:\/\/www.caritasne2.org.br\/site\/linhas-de-atuacao\/seguranca-alimentar-e-nutricional\/\">&nbsp;<\/a><script>!function(d,s,id){var js,fjs=d.getElementsByTagName(s)[0],p=\/^http:\/.test(d.location)?'http':'https';if(!d.getElementById(id)){js=d.createElement(s);js.id=id;js.src=p+':\/\/platform.twitter.com\/widgets.js';fjs.parentNode.insertBefore(js,fjs);}}(document, 'script', 'twitter-wjs');<\/script><\/li><li class=\"gplus\" style=\"width:68px\"><div class=\"g-plusone\" data-size=\"medium\" data-href=\"https:\/\/www.caritasne2.org.br\/site\/linhas-de-atuacao\/seguranca-alimentar-e-nutricional\/\"><\/div><\/li><li class=\"ssb_linkedin\" style=\"width:64px\"><script src=\"\/\/platform.linkedin.com\/in.js\" type=\"text\/javascript\">lang: en_US<\/script><script type=\"IN\/Share\" data-url=\"https:\/\/www.caritasne2.org.br\/site\/linhas-de-atuacao\/seguranca-alimentar-e-nutricional\/\" data-counter=\"right\"><\/script><\/li><\/ul>","protected":false},"excerpt":{"rendered":"<p>A garantia de uma alimenta\u00e7\u00e3o adequada e saud\u00e1vel \u00e9 condi\u00e7\u00e3o fundamental para uma vida digna e para o bem estar coletivo. Diante desse cen\u00e1rio, a C\u00e1ritas Brasileira Regional NE2 desenvolve a\u00e7\u00f5es junto a grupos e comunidades em situa\u00e7\u00e3o de vulnerabilidade para que atuem no fortalecimento e na garantia das pol\u00edticas p\u00fablicas de seguran\u00e7a alimentar e nutricional. Nos estados de atua\u00e7\u00e3o da C\u00e1ritas Brasileira Regional Nordeste [&hellip;]<\/p>\n","protected":false},"author":1,"featured_media":9498,"parent":18,"menu_order":0,"comment_status":"closed","ping_status":"closed","template":"template-page-linha-de-atuacao.php","meta":[],"_links":{"self":[{"href":"https:\/\/www.caritasne2.org.br\/site\/wp-json\/wp\/v2\/pages\/32"}],"collection":[{"href":"https:\/\/www.caritasne2.org.br\/site\/wp-json\/wp\/v2\/pages"}],"about":[{"href":"https:\/\/www.caritasne2.org.br\/site\/wp-json\/wp\/v2\/types\/page"}],"author":[{"embeddable":true,"href":"https:\/\/www.caritasne2.org.br\/site\/wp-json\/wp\/v2\/users\/1"}],"replies":[{"embeddable":true,"href":"https:\/\/www.caritasne2.org.br\/site\/wp-json\/wp\/v2\/comments?post=32"}],"version-history":[{"count":0,"href":"https:\/\/www.caritasne2.org.br\/site\/wp-json\/wp\/v2\/pages\/32\/revisions"}],"up":[{"embeddable":true,"href":"https:\/\/www.caritasne2.org.br\/site\/wp-json\/wp\/v2\/pages\/18"}],"wp:featuredmedia":[{"embeddable":true,"href":"https:\/\/www.caritasne2.org.br\/site\/wp-json\/wp\/v2\/media\/9498"}],"wp:attachment":[{"href":"https:\/\/www.caritasne2.org.br\/site\/wp-json\/wp\/v2\/media?parent=32"}],"curies":[{"name":"wp","href":"https:\/\/api.w.org\/{rel}","templated":true}]}}