{"id":30,"date":"2016-11-29T14:49:21","date_gmt":"2016-11-29T16:49:21","guid":{"rendered":"http:\/\/www.redevip.com.br\/demo\/caritasne\/?page_id=30"},"modified":"2022-05-20T15:50:20","modified_gmt":"2022-05-20T18:50:20","slug":"migrantes-e-refugiados","status":"publish","type":"page","link":"https:\/\/www.caritasne2.org.br\/site\/linhas-de-atuacao\/migrantes-e-refugiados\/","title":{"rendered":"Migra\u00e7\u00e3o Ref\u00fagio e Ap\u00e1tridas"},"content":{"rendered":"<p style=\"text-align: justify;\">Diante da crise humanit\u00e1ria em v\u00e1rias partes do mundo, decorrentes de v\u00e1rios fatores, como conflitos e desastres ambientais, e atentos \u00e0s orienta\u00e7\u00f5es da Igreja no que diz respeito ao acolhimento de refugiados, iniciamos recentemente di\u00e1logo com institui\u00e7\u00f5es p\u00fablicas, privadas e da sociedade civil para encontrarmos solu\u00e7\u00f5es conjuntas e favorecermos assim a inser\u00e7\u00e3o social desse p\u00fablico. Ao mesmo tempo, na perspectiva do di\u00e1logo inter-religioso e ecum\u00eanico, procuramos estabelecer pontes entre lideran\u00e7as e fieis com a finalidade de combater qualquer tipo de preconceito, seja de ordem cultural e\/ou religioso.<\/p>\n<p style=\"text-align: justify;\">Em resposta \u00e0 crise humanit\u00e1ria que se instalou no Brasil, em 2017, com a chegada de milhares de migrantes venezuelanos \u00e0s cidades de Boa Vista e Pacaraima, no norte do pa\u00eds, a C\u00e1ritas Brasileira, organiza\u00e7\u00f5es governamentais e entidades da sociedade civil desenvolveram a\u00e7\u00f5es emergenciais e programas para acolhida e integra\u00e7\u00e3o dessas fam\u00edlias em todo o pa\u00eds.<\/p>\n<p>Neste sentido, a\u00a0 C\u00e1ritas Brasileira Regional Nordeste 2, organismo da CNBB, com atua\u00e7\u00e3o nos estados de Alagoas, Para\u00edba, Pernambuco e Rio Grande do Norte, tem desenvolvido a\u00e7\u00f5es para as centenas de fam\u00edlias que aportaram nestes estados. Iniciativas\u00a0 baseadas em \u00e1reas tem\u00e1ticas como\u00a0 Acolher &#8211; Espa\u00e7os adequados, atendimento\u00a0especializado;\u00a0Proteger &#8211; Articula\u00e7\u00e3o das pol\u00edticas p\u00fablicas\u00a0e garantir direitos; Promover &#8211; Desenvolvimento, autonomia e\u00a0protagonismo;\u00a0Integrar- Constru\u00e7\u00e3o da espiritualidade,\u00a0cultura do encontro, acesso ao mundo do\u00a0trabalho.<\/p>\n<p>Em execu\u00e7\u00e3o na\u00a0C\u00e1ritas Brasileira Regional Nordeste 2 est\u00e3o os seguintes projetos:<\/p>\n<ul>\n<li><strong>Projeto CRECIENDO\u00a0<\/strong><br \/>\nParceiro : Funda\u00e7\u00e3o Interamericana -IAF<br \/>\nObjetivo Geral: Implementar a\u00e7\u00f5es que integrem e promovam a inclus\u00e3o\u00a0s\u00f3cio laboral de imigrantes venezuelanos\/as que est\u00e3o no territ\u00f3rios de abrang\u00eancia (RN,PE,PB e AL) da\u00a0C\u00e1ritas Brasileira Regional NE2 , e de fortalecer a Casa de Direitos de Pernambuco.<\/li>\n<li><strong>Projeto RAFA -Rede de amor, Fraternidade e Amizade<\/strong><br \/>\nParceiro : Doador<br \/>\nObjetivo Geral: Implementar a\u00e7\u00f5es na perspectiva da Economia Popular Solid\u00e1ria que integrem e\u00a0promovam a inclus\u00e3o s\u00f3cio laboral de imigrantes venezuelanos (as) que est\u00e3o no estado de Pernambuco.<\/li>\n<li><strong>Projeto Fundo de Apoio Emergencial: COVID-19<\/strong><br \/>\nParceiro : Fundo Brasil<br \/>\nObjetivo Geral: Realizar apoio a 136 fam\u00edlias de migrantes e refugiados venezuelanos, entre eles de 86\u00a0ind\u00edgenas da etnia warao, atrav\u00e9s das a\u00e7\u00f5es de suporte como acompanhamento psicossocial,\u00a0acompanhamento a duas casas ocupadas no centro de Recife e suporte as equipes.<\/li>\n<li><strong>Projeto Europana<\/strong><br \/>\nParceiro : Uni\u00e3o Europeia<br \/>\nObjetivo Geral: Contribuir para garantir uma migra\u00e7\u00e3o segura e informada e preencher lacunas cr\u00edticas na\u00a0assist\u00eancia humanit\u00e1ria e na integra\u00e7\u00e3o de cidad\u00e3os venezuelanos vulner\u00e1veis, na Venezuela e nos pa\u00edses de\u00a0acolhimento, em especial mulheres, crian\u00e7as, popula\u00e7\u00f5es ind\u00edgenas e afrodescendentes, pessoas com\u00a0defici\u00eancia e idosos.<\/li>\n<li><strong>Projeto Fortalecimento da Casa de Direitos PE: Uma a\u00e7\u00e3o formativa e solid\u00e1ria com\u00a0<\/strong><strong>foco na inclus\u00e3o social<\/strong><br \/>\nParceiro : Minist\u00e9rio da Justi\u00e7a<br \/>\nObjetivo Geral: Complementar e fortalecer as a\u00e7\u00f5es previstas no Programa PANA da C\u00e1ritas Brasileira em\u00a0parceria com a C\u00e1ritas Su\u00ed\u00e7a e a USAID no sentido de implementar a\u00e7\u00f5es que promovam a inclus\u00e3o s\u00f3ciolaboral\u00a0de 204 venezuelanos\/as que ser\u00e3o acolhidos\/as nas 11 casas de passagem na Regi\u00e3o Metropolitana do\u00a0Recife\u201d. Adotando os princ\u00edpios (Acolher \u2013 Proteger \u2013 Prover \u2013 Educar) como base para o trabalho com\u00a0imigrantes, refugiados e ap\u00e1tridas.<\/li>\n<li><strong>Projeto OIM, PRM \u2013 USA \/ Resposta COVID-19<\/strong><br \/>\nParceiro : PRM USA<br \/>\nObjetivo Geral: Suprir de forma emergencial e tempor\u00e1ria a demanda por g\u00eaneros aliment\u00edcios e bens de\u00a0primeira necessidade da popula\u00e7\u00e3o migrante e refugiada em situa\u00e7\u00e3o de vulnerabilidade impactada pela\u00a0pandemia da COVID-19 no Brasil.<\/li>\n<\/ul>\n<ul class=\"ssb_list_wrapper\"><li class=\"fb2\" style=\"width:135px\"><iframe src=\"\/\/www.facebook.com\/plugins\/like.php?href=https%3A%2F%2Fwww.caritasne2.org.br%2Fsite%2Flinhas-de-atuacao%2Fmigrantes-e-refugiados%2F&amp;layout=button_count&amp;action=like&amp;show_faces=false&amp;share=true&amp;width=135&amp;height=21&amp;appId=307091639398582\" scrolling=\"no\" frameborder=\"0\" style=\"border:none; overflow:hidden;  width:150px; height:21px;\" allowTransparency=\"true\"><\/iframe><\/li><li class=\"twtr\" style=\"width:90px\"><a href=\"https:\/\/twitter.com\/share\" class=\"twitter-share-button\" data-url=\"https:\/\/www.caritasne2.org.br\/site\/linhas-de-atuacao\/migrantes-e-refugiados\/\">&nbsp;<\/a><script>!function(d,s,id){var js,fjs=d.getElementsByTagName(s)[0],p=\/^http:\/.test(d.location)?'http':'https';if(!d.getElementById(id)){js=d.createElement(s);js.id=id;js.src=p+':\/\/platform.twitter.com\/widgets.js';fjs.parentNode.insertBefore(js,fjs);}}(document, 'script', 'twitter-wjs');<\/script><\/li><li class=\"gplus\" style=\"width:68px\"><div class=\"g-plusone\" data-size=\"medium\" data-href=\"https:\/\/www.caritasne2.org.br\/site\/linhas-de-atuacao\/migrantes-e-refugiados\/\"><\/div><\/li><li class=\"ssb_linkedin\" style=\"width:64px\"><script src=\"\/\/platform.linkedin.com\/in.js\" type=\"text\/javascript\">lang: en_US<\/script><script type=\"IN\/Share\" data-url=\"https:\/\/www.caritasne2.org.br\/site\/linhas-de-atuacao\/migrantes-e-refugiados\/\" data-counter=\"right\"><\/script><\/li><\/ul>","protected":false},"excerpt":{"rendered":"<p>Diante da crise humanit\u00e1ria em v\u00e1rias partes do mundo, decorrentes de v\u00e1rios fatores, como conflitos e desastres ambientais, e atentos \u00e0s orienta\u00e7\u00f5es da Igreja no que diz respeito ao acolhimento de refugiados, iniciamos recentemente di\u00e1logo com institui\u00e7\u00f5es p\u00fablicas, privadas e da sociedade civil para encontrarmos solu\u00e7\u00f5es conjuntas e favorecermos assim a inser\u00e7\u00e3o social desse p\u00fablico. Ao mesmo tempo, na perspectiva do di\u00e1logo inter-religioso e ecum\u00eanico, [&hellip;]<\/p>\n","protected":false},"author":1,"featured_media":9497,"parent":18,"menu_order":0,"comment_status":"closed","ping_status":"closed","template":"template-page-linha-de-atuacao.php","meta":[],"_links":{"self":[{"href":"https:\/\/www.caritasne2.org.br\/site\/wp-json\/wp\/v2\/pages\/30"}],"collection":[{"href":"https:\/\/www.caritasne2.org.br\/site\/wp-json\/wp\/v2\/pages"}],"about":[{"href":"https:\/\/www.caritasne2.org.br\/site\/wp-json\/wp\/v2\/types\/page"}],"author":[{"embeddable":true,"href":"https:\/\/www.caritasne2.org.br\/site\/wp-json\/wp\/v2\/users\/1"}],"replies":[{"embeddable":true,"href":"https:\/\/www.caritasne2.org.br\/site\/wp-json\/wp\/v2\/comments?post=30"}],"version-history":[{"count":0,"href":"https:\/\/www.caritasne2.org.br\/site\/wp-json\/wp\/v2\/pages\/30\/revisions"}],"up":[{"embeddable":true,"href":"https:\/\/www.caritasne2.org.br\/site\/wp-json\/wp\/v2\/pages\/18"}],"wp:featuredmedia":[{"embeddable":true,"href":"https:\/\/www.caritasne2.org.br\/site\/wp-json\/wp\/v2\/media\/9497"}],"wp:attachment":[{"href":"https:\/\/www.caritasne2.org.br\/site\/wp-json\/wp\/v2\/media?parent=30"}],"curies":[{"name":"wp","href":"https:\/\/api.w.org\/{rel}","templated":true}]}}