{"id":28,"date":"2016-11-29T14:48:47","date_gmt":"2016-11-29T16:48:47","guid":{"rendered":"http:\/\/www.redevip.com.br\/demo\/caritasne\/?page_id=28"},"modified":"2022-05-24T10:10:55","modified_gmt":"2022-05-24T13:10:55","slug":"infancia-adolescencia-e-juventude","status":"publish","type":"page","link":"https:\/\/www.caritasne2.org.br\/site\/linhas-de-atuacao\/infancia-adolescencia-e-juventude\/","title":{"rendered":"Inf\u00e2ncia, Adolesc\u00eancia e Juventudes"},"content":{"rendered":"<p>O Programa Inf\u00e2ncia, Adolesc\u00eancia e Juventude (PIAJ) tem foco na<strong> forma\u00e7\u00e3o continuada de crian\u00e7as<\/strong>, adolescentes e jovens, reconhecendo-os em sua integralidade, por isso, contempla as dimens\u00f5es art\u00edsticas, culturais, esportivas, integradas \u00e0 forma\u00e7\u00e3o para a <strong>luta por direitos<\/strong>.<\/p>\n<p>&nbsp;<\/p>\n<ul class=\"ssb_list_wrapper\"><li class=\"fb2\" style=\"width:135px\"><iframe src=\"\/\/www.facebook.com\/plugins\/like.php?href=https%3A%2F%2Fwww.caritasne2.org.br%2Fsite%2Flinhas-de-atuacao%2Finfancia-adolescencia-e-juventude%2F&amp;layout=button_count&amp;action=like&amp;show_faces=false&amp;share=true&amp;width=135&amp;height=21&amp;appId=307091639398582\" scrolling=\"no\" frameborder=\"0\" style=\"border:none; overflow:hidden;  width:150px; height:21px;\" allowTransparency=\"true\"><\/iframe><\/li><li class=\"twtr\" style=\"width:90px\"><a href=\"https:\/\/twitter.com\/share\" class=\"twitter-share-button\" data-url=\"https:\/\/www.caritasne2.org.br\/site\/linhas-de-atuacao\/infancia-adolescencia-e-juventude\/\">&nbsp;<\/a><script>!function(d,s,id){var js,fjs=d.getElementsByTagName(s)[0],p=\/^http:\/.test(d.location)?'http':'https';if(!d.getElementById(id)){js=d.createElement(s);js.id=id;js.src=p+':\/\/platform.twitter.com\/widgets.js';fjs.parentNode.insertBefore(js,fjs);}}(document, 'script', 'twitter-wjs');<\/script><\/li><li class=\"gplus\" style=\"width:68px\"><div class=\"g-plusone\" data-size=\"medium\" data-href=\"https:\/\/www.caritasne2.org.br\/site\/linhas-de-atuacao\/infancia-adolescencia-e-juventude\/\"><\/div><\/li><li class=\"ssb_linkedin\" style=\"width:64px\"><script src=\"\/\/platform.linkedin.com\/in.js\" type=\"text\/javascript\">lang: en_US<\/script><script type=\"IN\/Share\" data-url=\"https:\/\/www.caritasne2.org.br\/site\/linhas-de-atuacao\/infancia-adolescencia-e-juventude\/\" data-counter=\"right\"><\/script><\/li><\/ul>","protected":false},"excerpt":{"rendered":"<p>O Programa Inf\u00e2ncia, Adolesc\u00eancia e Juventude (PIAJ) tem foco na forma\u00e7\u00e3o continuada de crian\u00e7as, adolescentes e jovens, reconhecendo-os em sua integralidade, por isso, contempla as dimens\u00f5es art\u00edsticas, culturais, esportivas, integradas \u00e0 forma\u00e7\u00e3o para a luta por direitos. &nbsp; &nbsp;<\/p>\n","protected":false},"author":1,"featured_media":9503,"parent":18,"menu_order":0,"comment_status":"closed","ping_status":"closed","template":"template-page-linha-de-atuacao.php","meta":[],"_links":{"self":[{"href":"https:\/\/www.caritasne2.org.br\/site\/wp-json\/wp\/v2\/pages\/28"}],"collection":[{"href":"https:\/\/www.caritasne2.org.br\/site\/wp-json\/wp\/v2\/pages"}],"about":[{"href":"https:\/\/www.caritasne2.org.br\/site\/wp-json\/wp\/v2\/types\/page"}],"author":[{"embeddable":true,"href":"https:\/\/www.caritasne2.org.br\/site\/wp-json\/wp\/v2\/users\/1"}],"replies":[{"embeddable":true,"href":"https:\/\/www.caritasne2.org.br\/site\/wp-json\/wp\/v2\/comments?post=28"}],"version-history":[{"count":0,"href":"https:\/\/www.caritasne2.org.br\/site\/wp-json\/wp\/v2\/pages\/28\/revisions"}],"up":[{"embeddable":true,"href":"https:\/\/www.caritasne2.org.br\/site\/wp-json\/wp\/v2\/pages\/18"}],"wp:featuredmedia":[{"embeddable":true,"href":"https:\/\/www.caritasne2.org.br\/site\/wp-json\/wp\/v2\/media\/9503"}],"wp:attachment":[{"href":"https:\/\/www.caritasne2.org.br\/site\/wp-json\/wp\/v2\/media?parent=28"}],"curies":[{"name":"wp","href":"https:\/\/api.w.org\/{rel}","templated":true}]}}