{"id":26,"date":"2016-11-29T14:47:55","date_gmt":"2016-11-29T16:47:55","guid":{"rendered":"http:\/\/www.redevip.com.br\/demo\/caritasne\/?page_id=26"},"modified":"2022-05-20T15:40:45","modified_gmt":"2022-05-20T18:40:45","slug":"gestao-de-riscos-e-emergencias","status":"publish","type":"page","link":"https:\/\/www.caritasne2.org.br\/site\/linhas-de-atuacao\/gestao-de-riscos-e-emergencias\/","title":{"rendered":"Meio Ambiente Gest\u00e3o de Riscos e Emerg\u00eancias (MAGRE)"},"content":{"rendered":"<p style=\"text-align: justify;\">A identidade da C\u00e1ritas, no Brasil e no mundo, est\u00e1 essencialmente vinculada \u00e0 atua\u00e7\u00e3o em situa\u00e7\u00f5es de emerg\u00eancias socioambientais. E gra\u00e7as \u00e0 solidariedade de muitas pessoas, o nosso Regional tem contribu\u00eddo para a\u00e7\u00f5es de preven\u00e7\u00e3o, atendimento e reconstru\u00e7\u00e3o de comunidades afetadas por estiagens e desastres contra as pessoas e contra a Casa Comum, nosso meio ambiente.<\/p>\n<p style=\"text-align: justify;\">Destacamos em 2020 a\u00a0 a\u00e7\u00e3o Solid\u00e1ria Emergencial da Igreja no Brasil, que tem o slogan\u00a0<strong> &#8220;\u00c9 Tempo de Cuidar&#8221; ,<\/strong> uma convoca\u00e7\u00e3o para que se multipliquem os gestos solid\u00e1rios nas comunidades, nos setores da ind\u00fastria e do com\u00e9rcio e nas fam\u00edlias; todos sens\u00edveis \u00e0s situa\u00e7\u00f5es de extrema vulnerabilidade em que se encontra grande parcela da popula\u00e7\u00e3o brasileira, como as pessoas em situa\u00e7\u00e3o de rua, migrantes e refugiados, as que vivem em moradias prec\u00e1rias, al\u00e9m dos desempregados(as) e trabalhadores(as) informais, que neste momento tem suas fontes de renda fortemente afetadas. Desde 2020, a C\u00e1ritas Brasileira Regional Nordeste 2, tem realizado diversas a\u00e7\u00f5es emergenciais com diversas organiza\u00e7\u00f5es parceiras como <strong>Adveniat, Misereor, Programa Mundial de Alimentos,\u00a0 Funda\u00e7\u00e3o Avina, Vis\u00e3o Mundial,\u00a0 Europana, RAFA &#8211; Rede de Amor Fraternidade e Amizade, Funda\u00e7\u00e3o Banco do Brasil,<\/strong> dentre outras organiza\u00e7\u00f5es e organismos.<\/p>\n<p>&nbsp;<\/p>\n<ul class=\"ssb_list_wrapper\"><li class=\"fb2\" style=\"width:135px\"><iframe src=\"\/\/www.facebook.com\/plugins\/like.php?href=https%3A%2F%2Fwww.caritasne2.org.br%2Fsite%2Flinhas-de-atuacao%2Fgestao-de-riscos-e-emergencias%2F&amp;layout=button_count&amp;action=like&amp;show_faces=false&amp;share=true&amp;width=135&amp;height=21&amp;appId=307091639398582\" scrolling=\"no\" frameborder=\"0\" style=\"border:none; overflow:hidden;  width:150px; height:21px;\" allowTransparency=\"true\"><\/iframe><\/li><li class=\"twtr\" style=\"width:90px\"><a href=\"https:\/\/twitter.com\/share\" class=\"twitter-share-button\" data-url=\"https:\/\/www.caritasne2.org.br\/site\/linhas-de-atuacao\/gestao-de-riscos-e-emergencias\/\">&nbsp;<\/a><script>!function(d,s,id){var js,fjs=d.getElementsByTagName(s)[0],p=\/^http:\/.test(d.location)?'http':'https';if(!d.getElementById(id)){js=d.createElement(s);js.id=id;js.src=p+':\/\/platform.twitter.com\/widgets.js';fjs.parentNode.insertBefore(js,fjs);}}(document, 'script', 'twitter-wjs');<\/script><\/li><li class=\"gplus\" style=\"width:68px\"><div class=\"g-plusone\" data-size=\"medium\" data-href=\"https:\/\/www.caritasne2.org.br\/site\/linhas-de-atuacao\/gestao-de-riscos-e-emergencias\/\"><\/div><\/li><li class=\"ssb_linkedin\" style=\"width:64px\"><script src=\"\/\/platform.linkedin.com\/in.js\" type=\"text\/javascript\">lang: en_US<\/script><script type=\"IN\/Share\" data-url=\"https:\/\/www.caritasne2.org.br\/site\/linhas-de-atuacao\/gestao-de-riscos-e-emergencias\/\" data-counter=\"right\"><\/script><\/li><\/ul>","protected":false},"excerpt":{"rendered":"<p>A identidade da C\u00e1ritas, no Brasil e no mundo, est\u00e1 essencialmente vinculada \u00e0 atua\u00e7\u00e3o em situa\u00e7\u00f5es de emerg\u00eancias socioambientais. E gra\u00e7as \u00e0 solidariedade de muitas pessoas, o nosso Regional tem contribu\u00eddo para a\u00e7\u00f5es de preven\u00e7\u00e3o, atendimento e reconstru\u00e7\u00e3o de comunidades afetadas por estiagens e desastres contra as pessoas e contra a Casa Comum, nosso meio ambiente. Destacamos em 2020 a\u00a0 a\u00e7\u00e3o Solid\u00e1ria Emergencial da Igreja [&hellip;]<\/p>\n","protected":false},"author":1,"featured_media":9496,"parent":18,"menu_order":0,"comment_status":"closed","ping_status":"closed","template":"template-page-linha-de-atuacao.php","meta":[],"_links":{"self":[{"href":"https:\/\/www.caritasne2.org.br\/site\/wp-json\/wp\/v2\/pages\/26"}],"collection":[{"href":"https:\/\/www.caritasne2.org.br\/site\/wp-json\/wp\/v2\/pages"}],"about":[{"href":"https:\/\/www.caritasne2.org.br\/site\/wp-json\/wp\/v2\/types\/page"}],"author":[{"embeddable":true,"href":"https:\/\/www.caritasne2.org.br\/site\/wp-json\/wp\/v2\/users\/1"}],"replies":[{"embeddable":true,"href":"https:\/\/www.caritasne2.org.br\/site\/wp-json\/wp\/v2\/comments?post=26"}],"version-history":[{"count":0,"href":"https:\/\/www.caritasne2.org.br\/site\/wp-json\/wp\/v2\/pages\/26\/revisions"}],"up":[{"embeddable":true,"href":"https:\/\/www.caritasne2.org.br\/site\/wp-json\/wp\/v2\/pages\/18"}],"wp:featuredmedia":[{"embeddable":true,"href":"https:\/\/www.caritasne2.org.br\/site\/wp-json\/wp\/v2\/media\/9496"}],"wp:attachment":[{"href":"https:\/\/www.caritasne2.org.br\/site\/wp-json\/wp\/v2\/media?parent=26"}],"curies":[{"name":"wp","href":"https:\/\/api.w.org\/{rel}","templated":true}]}}