{"id":22,"date":"2016-11-29T14:45:53","date_gmt":"2016-11-29T17:45:53","guid":{"rendered":"http:\/\/www.redevip.com.br\/demo\/caritasne\/?page_id=22"},"modified":"2022-05-20T15:45:27","modified_gmt":"2022-05-20T18:45:27","slug":"convivencia-com-o-semiarido","status":"publish","type":"page","link":"https:\/\/www.caritasne2.org.br\/site\/linhas-de-atuacao\/convivencia-com-o-semiarido\/","title":{"rendered":"Conviv\u00eancia com os Biomas"},"content":{"rendered":"<p>A tem\u00e1tica da Conviv\u00eancia com os Biomas se inseri tanto no contexto global de valoriza\u00e7\u00e3o e preserva\u00e7\u00e3o da vida ,como na defesa dos povos e das comunidades tradicionais que neles habitam, tendo como perspectiva a prote\u00e7\u00e3o social, a garantia de direitos e a promo\u00e7\u00e3o de acesso a um conjunto de pol\u00edticas p\u00fablicas por parte dos povos inclu\u00eddos em distintos ecossistemas.<\/p>\n<p>Fortalecemos essa linha de atua\u00e7\u00e3o atrav\u00e9s dos projetos:<\/p>\n<ul>\n<li><strong>\u00c1guas para Todos<\/strong><\/li>\n<li><strong>\u00c1guas que Educam<\/strong><\/li>\n<li><strong>\u00c1guas que Geram Vidas<\/strong><\/li>\n<li><strong>\u00c1guas para Vida.<\/strong><\/li>\n<\/ul>\n<ul class=\"ssb_list_wrapper\"><li class=\"fb2\" style=\"width:135px\"><iframe src=\"\/\/www.facebook.com\/plugins\/like.php?href=https%3A%2F%2Fwww.caritasne2.org.br%2Fsite%2Flinhas-de-atuacao%2Fconvivencia-com-o-semiarido%2F&amp;layout=button_count&amp;action=like&amp;show_faces=false&amp;share=true&amp;width=135&amp;height=21&amp;appId=307091639398582\" scrolling=\"no\" frameborder=\"0\" style=\"border:none; overflow:hidden;  width:150px; height:21px;\" allowTransparency=\"true\"><\/iframe><\/li><li class=\"twtr\" style=\"width:90px\"><a href=\"https:\/\/twitter.com\/share\" class=\"twitter-share-button\" data-url=\"https:\/\/www.caritasne2.org.br\/site\/linhas-de-atuacao\/convivencia-com-o-semiarido\/\">&nbsp;<\/a><script>!function(d,s,id){var js,fjs=d.getElementsByTagName(s)[0],p=\/^http:\/.test(d.location)?'http':'https';if(!d.getElementById(id)){js=d.createElement(s);js.id=id;js.src=p+':\/\/platform.twitter.com\/widgets.js';fjs.parentNode.insertBefore(js,fjs);}}(document, 'script', 'twitter-wjs');<\/script><\/li><li class=\"gplus\" style=\"width:68px\"><div class=\"g-plusone\" data-size=\"medium\" data-href=\"https:\/\/www.caritasne2.org.br\/site\/linhas-de-atuacao\/convivencia-com-o-semiarido\/\"><\/div><\/li><li class=\"ssb_linkedin\" style=\"width:64px\"><script src=\"\/\/platform.linkedin.com\/in.js\" type=\"text\/javascript\">lang: en_US<\/script><script type=\"IN\/Share\" data-url=\"https:\/\/www.caritasne2.org.br\/site\/linhas-de-atuacao\/convivencia-com-o-semiarido\/\" data-counter=\"right\"><\/script><\/li><\/ul>","protected":false},"excerpt":{"rendered":"<p>A tem\u00e1tica da Conviv\u00eancia com os Biomas se inseri tanto no contexto global de valoriza\u00e7\u00e3o e preserva\u00e7\u00e3o da vida ,como na defesa dos povos e das comunidades tradicionais que neles habitam, tendo como perspectiva a prote\u00e7\u00e3o social, a garantia de direitos e a promo\u00e7\u00e3o de acesso a um conjunto de pol\u00edticas p\u00fablicas por parte dos povos inclu\u00eddos em distintos ecossistemas. Fortalecemos essa linha de atua\u00e7\u00e3o [&hellip;]<\/p>\n","protected":false},"author":1,"featured_media":9501,"parent":18,"menu_order":0,"comment_status":"closed","ping_status":"closed","template":"template-page-linha-de-atuacao.php","meta":[],"_links":{"self":[{"href":"https:\/\/www.caritasne2.org.br\/site\/wp-json\/wp\/v2\/pages\/22"}],"collection":[{"href":"https:\/\/www.caritasne2.org.br\/site\/wp-json\/wp\/v2\/pages"}],"about":[{"href":"https:\/\/www.caritasne2.org.br\/site\/wp-json\/wp\/v2\/types\/page"}],"author":[{"embeddable":true,"href":"https:\/\/www.caritasne2.org.br\/site\/wp-json\/wp\/v2\/users\/1"}],"replies":[{"embeddable":true,"href":"https:\/\/www.caritasne2.org.br\/site\/wp-json\/wp\/v2\/comments?post=22"}],"version-history":[{"count":0,"href":"https:\/\/www.caritasne2.org.br\/site\/wp-json\/wp\/v2\/pages\/22\/revisions"}],"up":[{"embeddable":true,"href":"https:\/\/www.caritasne2.org.br\/site\/wp-json\/wp\/v2\/pages\/18"}],"wp:featuredmedia":[{"embeddable":true,"href":"https:\/\/www.caritasne2.org.br\/site\/wp-json\/wp\/v2\/media\/9501"}],"wp:attachment":[{"href":"https:\/\/www.caritasne2.org.br\/site\/wp-json\/wp\/v2\/media?parent=22"}],"curies":[{"name":"wp","href":"https:\/\/api.w.org\/{rel}","templated":true}]}}