{"id":218,"date":"2017-01-26T15:40:59","date_gmt":"2017-01-26T18:40:59","guid":{"rendered":"http:\/\/www.redevip.com.br\/demo\/caritasne\/?page_id=218"},"modified":"2025-07-23T15:00:22","modified_gmt":"2025-07-23T18:00:22","slug":"rede-de-comunicadores","status":"publish","type":"page","link":"https:\/\/www.caritasne2.org.br\/site\/rede-de-comunicadores\/","title":{"rendered":"Rede de Comunicadores Regional NE2"},"content":{"rendered":"<h2>REGIONAL NORDESTE 2<\/h2>\n<h4><span style=\"color: #f50000;\"><em><strong>Assessoria de Comunica\u00e7\u00e3o<\/strong><\/em><\/span><\/h4>\n<div class=\"redene\"><strong>Fabiana Francelino\u00a0<\/strong><br \/>\nAssessora Regional de Comunica\u00e7\u00e3o<br \/>\nFones: (81) 3231-3435 \/ (81) 98143.3295<br \/>\n<span style=\"color: #d71a21;\">E-mail: fabiana@caritas.org.br<\/span><\/div>\n<div class=\"redene\"><\/div>\n<div><\/div>\n<div class=\"clear\">\n<div class=\"redene\"><strong>Fabiana Coelho<\/strong><br \/>\nAssessora de Comunica\u00e7\u00e3o<br \/>\nFones:\u00a0 (81) 7329-8582<br \/>\n<span style=\"color: #d71a21;\">E-mail: fabiana.coelho@caritas.org.br<\/span><\/div>\n<div class=\"redene\"><\/div>\n<\/div>\n<div class=\"clear\"><\/div>\n<h4><em><span style=\"color: #ff0000;\"><strong>Entidades Membros<\/strong><\/span><\/em><\/h4>\n<p><strong>Alagoas<\/strong><\/p>\n<div>\n<p><strong>Jos\u00e9 Roberto Silva de Lima J\u00fanior<\/strong><\/p>\n<p>C\u00e1ritas Arquidiocesana de Macei\u00f3 (AL)<\/p>\n<p>Email: jose.junior1@ichca.ufal.com<\/p>\n<p>&nbsp;<\/p>\n<p><strong>Gabriel Alves dos Santos<\/strong><\/p>\n<p>C\u00e1ritas Diocesana de Palmeira dos \u00cdndios (AL)<\/p>\n<p>Email: jose.junior1@ichca.ufal.com<\/p>\n<p>&nbsp;<\/p>\n<p><strong>Para\u00edba<\/strong><\/p>\n<p><strong>Irm\u00e3 Mikaele Naira Albuquerque dos Santos<\/strong><\/p>\n<p>A\u00e7\u00e3o Social Arquidiocesana da Para\u00edba &#8211; ASA PB<\/p>\n<p>Email: irmamikaelealbuquerque@gmail.com<\/p>\n<p>&nbsp;<\/p>\n<p><strong>Andreza Alves Guimar\u00e3es Rodrigues<\/strong><\/p>\n<p>C\u00e1ritas Diocesana de Guarabira (PB)<\/p>\n<p>Email: andrezaalves01@hotmail.com<\/p>\n<p>&nbsp;<\/p>\n<p><strong>Jo\u00e3o de Morais<\/strong><\/p>\n<p>C\u00e1ritas Diocesana de Campina Grande (PB)<\/p>\n<p>Email: joaodmorais33@gmail.com<\/p>\n<p>&nbsp;<\/p>\n<p><strong>M\u00e9rcia Leit\u00e3o<\/strong><\/p>\n<p>A\u00e7\u00e3o Social Diocesana de Patos (PB)<\/p>\n<p>Email:<a href=\"mailto:mercialeitao57@gmail.com\">mercialeitao57@gmail.com<\/a><\/p>\n<p>&nbsp;<\/p>\n<p><strong>Pernambuco<\/strong><\/p>\n<\/div>\n<p>&nbsp;<\/p>\n<p><strong>Doralice Maria dos Santos<\/strong><\/p>\n<p>Funda\u00e7\u00e3o Monsenhor Petronilo Pedrosa (PE)<\/p>\n<p>Email:doralice.ms@yahoo.com<\/p>\n<p>&nbsp;<\/p>\n<p><strong>Lucimara Rodrigues dos Santos<\/strong><\/p>\n<p>C\u00e1ritas Diocesana de Afogados da Ingazeira (PE)<\/p>\n<p>Email: lucimarasantos2310@gmail.com<\/p>\n<p>&nbsp;<\/p>\n<p><strong>Rosanny Barreto\u00a0<\/strong><br \/>\nC\u00e1ritas Diocesana de Pesqueira (PE)<br \/>\nFone: (87) 991387398<br \/>\nE-mail: rosanny@caritasdepesqueira.org.br<\/p>\n<p>&nbsp;<\/p>\n<p><strong>Pedro Vinicius Lopes <\/strong><\/p>\n<p>C\u00e1ritas Arquidiocesana de Olinda e Recife (PE)<\/p>\n<p>Email: pedro.lopesxavier@gmail.com<\/p>\n<p>&nbsp;<\/p>\n<p><strong>Rio Grande do Norte<\/strong><\/p>\n<p>&nbsp;<\/p>\n<p><strong>Maria de Lourdes Valentim<\/strong><\/p>\n<p>C\u00e1ritas Arquidiocesana de Natal (RN)<\/p>\n<p>Email:lourdesvalentim@gmail.com<\/p>\n<p>&nbsp;<\/p>\n<p><strong>Clara Let\u00edcia da Silva Dantas<\/strong><\/p>\n<p>C\u00e1ritas Diocesana de Mossor\u00f3 (RN)<\/p>\n<p>Email:claraa.leticiasd@hotmail.com<\/p>\n<p>&nbsp;<\/p>\n<p><strong>Sayonara Soares<\/strong><\/p>\n<p>C\u00e1ritas Diocesana de Caic\u00f3 (RN)<\/p>\n<p>Email:<strong>sayonarasoaress01@gmail.com<\/strong><\/p>\n<p>&nbsp;<\/p>\n<p>&nbsp;<\/p>\n<ul class=\"ssb_list_wrapper\"><li class=\"fb2\" style=\"width:135px\"><iframe src=\"\/\/www.facebook.com\/plugins\/like.php?href=https%3A%2F%2Fwww.caritasne2.org.br%2Fsite%2Frede-de-comunicadores%2F&amp;layout=button_count&amp;action=like&amp;show_faces=false&amp;share=true&amp;width=135&amp;height=21&amp;appId=307091639398582\" scrolling=\"no\" frameborder=\"0\" style=\"border:none; overflow:hidden;  width:150px; height:21px;\" allowTransparency=\"true\"><\/iframe><\/li><li class=\"twtr\" style=\"width:90px\"><a href=\"https:\/\/twitter.com\/share\" class=\"twitter-share-button\" data-url=\"https:\/\/www.caritasne2.org.br\/site\/rede-de-comunicadores\/\">&nbsp;<\/a><script>!function(d,s,id){var js,fjs=d.getElementsByTagName(s)[0],p=\/^http:\/.test(d.location)?'http':'https';if(!d.getElementById(id)){js=d.createElement(s);js.id=id;js.src=p+':\/\/platform.twitter.com\/widgets.js';fjs.parentNode.insertBefore(js,fjs);}}(document, 'script', 'twitter-wjs');<\/script><\/li><li class=\"gplus\" style=\"width:68px\"><div class=\"g-plusone\" data-size=\"medium\" data-href=\"https:\/\/www.caritasne2.org.br\/site\/rede-de-comunicadores\/\"><\/div><\/li><li class=\"ssb_linkedin\" style=\"width:64px\"><script src=\"\/\/platform.linkedin.com\/in.js\" type=\"text\/javascript\">lang: en_US<\/script><script type=\"IN\/Share\" data-url=\"https:\/\/www.caritasne2.org.br\/site\/rede-de-comunicadores\/\" data-counter=\"right\"><\/script><\/li><\/ul>","protected":false},"excerpt":{"rendered":"<p>REGIONAL NORDESTE 2 Assessoria de Comunica\u00e7\u00e3o Fabiana Francelino\u00a0 Assessora Regional de Comunica\u00e7\u00e3o Fones: (81) 3231-3435 \/ (81) 98143.3295 E-mail: fabiana@caritas.org.br Fabiana Coelho Assessora de Comunica\u00e7\u00e3o Fones:\u00a0 (81) 7329-8582 E-mail: fabiana.coelho@caritas.org.br Entidades Membros Alagoas Jos\u00e9 Roberto Silva de Lima J\u00fanior C\u00e1ritas Arquidiocesana de Macei\u00f3 (AL) Email: jose.junior1@ichca.ufal.com &nbsp; Gabriel Alves dos Santos C\u00e1ritas Diocesana de Palmeira dos \u00cdndios (AL) Email: jose.junior1@ichca.ufal.com &nbsp; Para\u00edba Irm\u00e3 Mikaele Naira [&hellip;]<\/p>\n","protected":false},"author":1,"featured_media":0,"parent":0,"menu_order":0,"comment_status":"closed","ping_status":"closed","template":"","meta":[],"_links":{"self":[{"href":"https:\/\/www.caritasne2.org.br\/site\/wp-json\/wp\/v2\/pages\/218"}],"collection":[{"href":"https:\/\/www.caritasne2.org.br\/site\/wp-json\/wp\/v2\/pages"}],"about":[{"href":"https:\/\/www.caritasne2.org.br\/site\/wp-json\/wp\/v2\/types\/page"}],"author":[{"embeddable":true,"href":"https:\/\/www.caritasne2.org.br\/site\/wp-json\/wp\/v2\/users\/1"}],"replies":[{"embeddable":true,"href":"https:\/\/www.caritasne2.org.br\/site\/wp-json\/wp\/v2\/comments?post=218"}],"version-history":[{"count":10,"href":"https:\/\/www.caritasne2.org.br\/site\/wp-json\/wp\/v2\/pages\/218\/revisions"}],"predecessor-version":[{"id":13490,"href":"https:\/\/www.caritasne2.org.br\/site\/wp-json\/wp\/v2\/pages\/218\/revisions\/13490"}],"wp:attachment":[{"href":"https:\/\/www.caritasne2.org.br\/site\/wp-json\/wp\/v2\/media?parent=218"}],"curies":[{"name":"wp","href":"https:\/\/api.w.org\/{rel}","templated":true}]}}