{"id":16,"date":"2016-11-29T14:41:46","date_gmt":"2016-11-29T16:41:46","guid":{"rendered":"http:\/\/www.redevip.com.br\/demo\/caritasne\/?page_id=16"},"modified":"2025-07-23T14:26:14","modified_gmt":"2025-07-23T17:26:14","slug":"rede-caritas-ne2","status":"publish","type":"page","link":"https:\/\/www.caritasne2.org.br\/site\/rede-caritas-ne2\/","title":{"rendered":"Rede C\u00e1ritas NE2"},"content":{"rendered":"<p><div class=\"twocol_one\"><br \/>\nComposta por <strong>19 entidades membros<\/strong>, organiza\u00e7\u00f5es que integram a Rede C\u00e1ritas nas inst\u00e2ncias <strong>Par\u00f3quiais, Diocesanas e Arquidiocesanas<\/strong>, inseridas em <strong>21 Dioceses<\/strong> nos estados de Alagoas, Para\u00edba, Pernambuco e Rio Grande do Norte.<\/p>\n<h2 style=\"color: #d71a21;\">Regional Nordeste 2 &#8211; Sede<\/h2>\n<p><span class=\"icone-local\">Rua Monte Castelo, 176 \u2013 Boa Vista\u00a0 &#8211; CEP: 50050-310 | Recife\/PE<\/span><br \/>\n<span class=\"icone-fone\">(81) 3231.2435<\/span><br \/>\n<a class=\"icone-linkemail\" style=\"color: #d71a21;\" href=\"mailto:caritasne2@caritas.org.br\">caritasne2@caritas.org.br<\/a><\/p>\n<h2 id=\"al\" style=\"color: #d71a21;\">Alagoas<\/h2>\n<h3>C\u00e1ritas Arquidiocesana de Macei\u00f3<\/h3>\n<p><span class=\"icone-local\">Rua Dom Ant\u00f4nio Brand\u00e3o, 559, Farol, Macei\u00f3 (AL) \u2013 CEP: 57.051-190<\/span><br \/>\n<span class=\"icone-fone\">(82) 3372-7046 \/ 3221-0486<\/span><br \/>\n<a class=\"icone-linkemail\" style=\"color: #d71a21;\" href=\"mailto:caritasmaceio@gmail.com\">caritasmaceio@gmail.com<\/a><\/p>\n<h3>C\u00e1ritas Diocesana de Palmeira dos \u00cdndios<\/h3>\n<p><span class=\"icone-local\">Pra\u00e7a do Ros\u00e1rio, 130, Centro, Palmeira dos \u00cdndios (AL) \u2013 CEP: 57.600-470<\/span><br \/>\n<span class=\"icone-fone\">(82) 3421-2588<\/span><\/p>\n<p><a href=\"mailto:caritaspalmeiradosindios@gmail.com\">caritaspalmeiradosindios@gmail.com\u00a0<\/a><br \/>\n<a href=\"mailto:cdpifinanceiro@gmail.com\">cdpifinanceiro@gmail.com<\/a><\/p>\n<h3>C\u00e1ritas Diocesana de Penedo<\/h3>\n<p>Concatedral Nossa Senhora do Bom Conselho<br \/>\nLargo Dom Fernando Gomes, s\/n, Centro,\u00a0<span class=\"icone-local\">(AL) \u2013 CEP: 57.300-000<\/span><br \/>\n<span class=\"icone-fone\">(82) 3551-2277<\/span><br \/>\n<a class=\"icone-linkemail\" style=\"color: #d71a21;\" href=\"mailto:caritasdiocesanadepenedo@hotmail.com\">caritasdiocesanadepenedo@hotmail.com<\/a><\/p>\n<h2 id=\"pe\" style=\"color: #d71a21;\">Pernambuco<\/h2>\n<h3>C\u00e1ritas Arquidiocesana de Olinda e Recife<\/h3>\n<p><span class=\"icone-local\">Av. Rui Barbosa, 409, Gra\u00e7as, Recife (PE) \u2013 CEP: 52.011-040<\/span><br \/>\n<span class=\"icone-fone\">(81) 3271-4270<\/span><br \/>\n<a href=\"https:\/\/www.caritasaor.org.br\/\">https:\/\/www.caritasaor.org.br\/<\/a><br \/>\n<a class=\"icone-linkemail\" href=\"mailto:caritasaor@gmail.com\">\u00a0caritasaor@gmail.com<\/a><\/p>\n<h3>C\u00e1ritas Diocesana de Garanhuns<\/h3>\n<p><span class=\"icone-local\">Avenida Santo Ant\u00f4nio, 61, Centro, Garanhuns (PE) \u2013 CEP: 55.290-000<\/span><br \/>\n<span class=\"icone-fone\">(87) 3761-0805<\/span><br \/>\n<a class=\"icone-linkemail\" href=\"mailto:caritasgaranhuns@gmail.com\">caritasgaranhuns@gmail.com<\/a><\/p>\n<h3>C\u00e1ritas Diocesana de Pesqueira<\/h3>\n<p><span class=\"icone-local\">Rua An\u00edsio Galv\u00e3o, 123, Centro, Pesqueira (PE) \u2013 CEP: 55.200-000<\/span><br \/>\n<span class=\"icone-fone\">(87) 3835-2646 \/ 3835-1604<\/span><br \/>\n<a class=\"icone-linkemail\" href=\"http:\/\/caritasdepesqueira.org.br\/\">http:\/\/caritasdepesqueira.org.br\/<\/a><br \/>\n<a class=\"icone-linkemail\" style=\"color: #d71a21;\" href=\"mailto:caritas@caritasdepesqueira.org.br\">caritas@caritasdepesqueira.org.br<\/a><\/p>\n<h3>Funda\u00e7\u00e3o Monsenhor Petronilo Pedrosa<\/h3>\n<p><span class=\"icone-local\">Pra\u00e7a Herculano Bandeira, 35,Caixa Postal 02, Nazar\u00e9 da Mata (PE) \u2013 CEP: 55.800-000<\/span><br \/>\n<span class=\"icone-fone\">(81) 3633-1009 \/ 3633-1302<\/span><br \/>\n<a href=\"https:\/\/diocesedenazare.org.br\/\">https:\/\/diocesedenazare.org.br\/<\/a><br \/>\n<a class=\"icone-linkemail\" href=\"mailto:fundmonsenhorpp@hotmail.com\">fundmonsenhorpp@hotmail.com<\/a><br \/>\n<\/div><div class=\"twocol_one last\"><\/p>\n<h3><strong>C\u00e1ritas Diocesana Afogados da Ingazeira<\/strong><\/h3>\n<p><span class=\"icone-local\">Rua Doutor Nogueira Lima, 366, Afogados da Ingazeira- PE \u2013 CEP: 56800-000 <\/span>C\u00faria Diocesana<br \/>\n<span class=\"icone-fone\">(81) 9.8149-5474<\/span><\/p>\n<p><span class=\"icone-fone\"><span style=\"color: #ff0000;\"><strong>@|<\/strong><\/span><\/span><a href=\"mailto:caritasdiocesanadeafogados@gmail.com\">caritasdiocesanadeafogados@gmail.com<\/a><\/p>\n<h3><strong>C\u00e1ritas Diocesana Salgueiro<\/strong><\/h3>\n<p><span class=\"icone-local\">Avenida Aurora de Carvalho Rosa, 2253- Salgueiro- PE \u2013 CEP: 56.000-000-C\u00faria Diocesana<\/span><br \/>\n(87) 38712-871<\/p>\n<p><span class=\"icone-fone\"><span style=\"color: #ff0000;\"><strong>@|curia@diocesedesalgueiro.org.br<\/strong><\/span><\/span><\/p>\n<h3><strong>C\u00e1ritas Diocesana Petrolina<\/strong><\/h3>\n<p><span class=\"icone-local\">P\u00e7a Maria Auxiliadora, 205 &#8211; Centro- Petrolina &#8211; PE \u2013 CEP: 56.302-320<\/span><br \/>\n(87) 98826-992<\/p>\n<p><span class=\"icone-fone\"><span style=\"color: #ff0000;\"><strong>@|caritaspetrolina@gmail.com<\/strong><\/span><\/span><\/p>\n<h2 id=\"pb\" style=\"color: #d71a21;\">Para\u00edba<\/h2>\n<h3>A\u00e7\u00e3o Social Arquidiocesana da Para\u00edba<\/h3>\n<p><span class=\"icone-local\">Pra\u00e7a Dom Adauto, s\/n, Centro, Jo\u00e3o Pessoa (PB) \u2013 CEP: 58.010-670<\/span><br \/>\n<span class=\"icone-fone\">(83) 3133-1000<\/span><br \/>\n<a class=\"icone-linkemail\" href=\"mailto:contato@asapb.com.br\">contato@asapb.com.br<\/a><br \/>\n<a class=\"icone-linkemail\" href=\"mailto:juliana@asapb.com.br\">juliana@asapb.com.br<\/a><\/p>\n<h3>A\u00e7\u00e3o Social Diocesana de Cajazeiras<\/h3>\n<p><span class=\"icone-local\">Rua Padre Rolim, 571, Caixa Postal 13, Cajazeiras (PB) \u2013 CEP: 58.900-000<\/span><br \/>\n<span class=\"icone-fone\">(83) 3531-1335<\/span><br \/>\n<a href=\"mailto:diocajasdica@gmail.com\">diocajasdica@gmail.com<\/a><\/p>\n<h3>A\u00e7\u00e3o Social Diocesana de Patos<\/h3>\n<p><span class=\"icone-local\">Rua Jo\u00e3o Soares, 437, Bras\u00edlia, Patos (PB) \u2013 CEP: 58.700-318<\/span><br \/>\n<span class=\"icone-fone\">(83) 3423-2206<\/span><br \/>\n<a href=\"http:\/\/asdppb.org\/\">http:\/\/asdppb.org\/<\/a><br \/>\n<a class=\"icone-linkemail\" href=\"mailto:asdp.presidente@gmail.com\">asdp.presidente@gmail.com<\/a><br \/>\n<a class=\"icone-linkemail\" style=\"color: #d71a21;\" href=\"mailto:pe.saturnino@yahoo.com.br\">pe.saturnino@yahoo.com.br<\/a><\/p>\n<h3>C\u00e1ritas Diocesana de Campina Grande<\/h3>\n<p><span class=\"icone-local\">Rua Afonso Campos, 251, Caixa Postal 515, Campina Grande (PB) \u2013 CEP: 58.100-970<\/span><br \/>\n<span class=\"icone-fone\">(83) 3321-4199<\/span><br \/>\n<a class=\"icone-linkemail\" href=\"mailto:caritasdiocesanacampinagrande@gmail.com\">caritasdiocesanacampinagrande@gmail.com<\/a><\/p>\n<h3>C\u00e1ritas Diocesana de Guarabira<\/h3>\n<p><span class=\"icone-local\">Rua Doutor Sales, 42, Centro, Caixa Postal 17, Guarabira (PB) \u2013 CEP: 58.200-000<\/span><br \/>\n<span class=\"icone-fone\">(83) 3271-4242<\/span><br \/>\n<a class=\"icone-linkemail\" href=\"mailto:caritasgba@gmail.com\">caritasgba@gmail.com<\/a><\/p>\n<h2 id=\"rn\" style=\"color: #d71a21;\">Rio Grande do Norte<\/h2>\n<h3>C\u00e1ritas Arquidiocesana de Natal<\/h3>\n<p><span class=\"icone-local\">Avenida Floriano Peixoto, 674, Tirol, Natal (RN) \u2013 CEP: 59.020-500<\/span><br \/>\n<span class=\"icone-fone\">(84) 3615-2800<\/span><br \/>\n<a class=\"icone-linkemail\" style=\"color: #d71a21;\" href=\"mailto:caritas@arquidiocesedenatal.org.br\">caritas@arquidiocesedenatal.org.br<\/a><\/p>\n<h3>C\u00e1ritas Diocesana de Caic\u00f3<\/h3>\n<p><span class=\"icone-local\">Rua Dom Manuel Tavares, 19, Caixa Postal 31, Para\u00edba, Caic\u00f3 (RN) \u2013 CEP: 59.300-000<\/span><br \/>\n<span class=\"icone-fone\">(84) 3421-3632<\/span><br \/>\n<a href=\"https:\/\/caritascaico.org.br\/\">https:\/\/caritascaico.org.br\/<\/a><br \/>\n<a class=\"icone-linkemail\" href=\"mailto:caritascaico@caritascaico.org.br\">caritascaico@caritascaico.org.br<\/a><\/p>\n<h3>C\u00e1ritas Diocesana de Mossor\u00f3<\/h3>\n<p><span class=\"icone-local\">Pra\u00e7a Cora\u00e7\u00e3o de Jesus, s\/n, Caixa Postal 16, Centro, Mossor\u00f3 (RN) \u2013 CEP: 59.600-970<\/span><br \/>\n<span class=\"icone-fone\">(84) 3314-7255<\/span><br \/>\n<a class=\"icone-linkemail\" href=\"mailto:waldeirdantas2016@gmail.com\">waldeirdantas2016@gmail.com<\/a><\/p>\n<p><\/div><\/p>\n<ul class=\"ssb_list_wrapper\"><li class=\"fb2\" style=\"width:135px\"><iframe src=\"\/\/www.facebook.com\/plugins\/like.php?href=https%3A%2F%2Fwww.caritasne2.org.br%2Fsite%2Frede-caritas-ne2%2F&amp;layout=button_count&amp;action=like&amp;show_faces=false&amp;share=true&amp;width=135&amp;height=21&amp;appId=307091639398582\" scrolling=\"no\" frameborder=\"0\" style=\"border:none; overflow:hidden;  width:150px; height:21px;\" allowTransparency=\"true\"><\/iframe><\/li><li class=\"twtr\" style=\"width:90px\"><a href=\"https:\/\/twitter.com\/share\" class=\"twitter-share-button\" data-url=\"https:\/\/www.caritasne2.org.br\/site\/rede-caritas-ne2\/\">&nbsp;<\/a><script>!function(d,s,id){var js,fjs=d.getElementsByTagName(s)[0],p=\/^http:\/.test(d.location)?'http':'https';if(!d.getElementById(id)){js=d.createElement(s);js.id=id;js.src=p+':\/\/platform.twitter.com\/widgets.js';fjs.parentNode.insertBefore(js,fjs);}}(document, 'script', 'twitter-wjs');<\/script><\/li><li class=\"gplus\" style=\"width:68px\"><div class=\"g-plusone\" data-size=\"medium\" data-href=\"https:\/\/www.caritasne2.org.br\/site\/rede-caritas-ne2\/\"><\/div><\/li><li class=\"ssb_linkedin\" style=\"width:64px\"><script src=\"\/\/platform.linkedin.com\/in.js\" type=\"text\/javascript\">lang: en_US<\/script><script type=\"IN\/Share\" data-url=\"https:\/\/www.caritasne2.org.br\/site\/rede-caritas-ne2\/\" data-counter=\"right\"><\/script><\/li><\/ul>","protected":false},"excerpt":{"rendered":"<p>&nbsp;<\/p>\n","protected":false},"author":1,"featured_media":320,"parent":0,"menu_order":0,"comment_status":"closed","ping_status":"closed","template":"","meta":[],"_links":{"self":[{"href":"https:\/\/www.caritasne2.org.br\/site\/wp-json\/wp\/v2\/pages\/16"}],"collection":[{"href":"https:\/\/www.caritasne2.org.br\/site\/wp-json\/wp\/v2\/pages"}],"about":[{"href":"https:\/\/www.caritasne2.org.br\/site\/wp-json\/wp\/v2\/types\/page"}],"author":[{"embeddable":true,"href":"https:\/\/www.caritasne2.org.br\/site\/wp-json\/wp\/v2\/users\/1"}],"replies":[{"embeddable":true,"href":"https:\/\/www.caritasne2.org.br\/site\/wp-json\/wp\/v2\/comments?post=16"}],"version-history":[{"count":10,"href":"https:\/\/www.caritasne2.org.br\/site\/wp-json\/wp\/v2\/pages\/16\/revisions"}],"predecessor-version":[{"id":13482,"href":"https:\/\/www.caritasne2.org.br\/site\/wp-json\/wp\/v2\/pages\/16\/revisions\/13482"}],"wp:featuredmedia":[{"embeddable":true,"href":"https:\/\/www.caritasne2.org.br\/site\/wp-json\/wp\/v2\/media\/320"}],"wp:attachment":[{"href":"https:\/\/www.caritasne2.org.br\/site\/wp-json\/wp\/v2\/media?parent=16"}],"curies":[{"name":"wp","href":"https:\/\/api.w.org\/{rel}","templated":true}]}}