{"id":14,"date":"2016-11-29T14:41:23","date_gmt":"2016-11-29T16:41:23","guid":{"rendered":"http:\/\/www.redevip.com.br\/demo\/caritasne\/?page_id=14"},"modified":"2021-07-22T14:50:03","modified_gmt":"2021-07-22T17:50:03","slug":"estatuto","status":"publish","type":"page","link":"https:\/\/www.caritasne2.org.br\/site\/estatuto\/","title":{"rendered":"Estatuto"},"content":{"rendered":"<ul class=\"link-estatuto\">\n<li><a href=\"http:\/\/caritas.org.br\/wp-content\/uploads\/2013\/09\/ESTATUTO-DA-C%C3%81RITAS-BRASILEIRA-2017.pdf\">Estatuto da C\u00e1ritas Brasileira<\/a><\/li>\n<li><a href=\"http:\/\/www.caritasne2.org.br\/wp-content\/uploads\/2016\/11\/Regimento-Interno-atualizado-2008.pdf\" target=\"_blank\" rel=\"noopener noreferrer\">Regimento Interno<\/a><\/li>\n<li><a href=\"http:\/\/www.caritasne2.org.br\/wp-content\/uploads\/2016\/11\/ESTATUTO-MODELO_entidadesmembro2.doc\" target=\"_blank\" rel=\"noopener noreferrer\">Modelo de Estatuto para entidades-membro<\/a><\/li>\n<li><a href=\"http:\/\/www.caritasne2.org.br\/wp-content\/uploads\/2021\/07\/Regimento-de-Compras-e-de-Contrata\u00e7\u00e3o-de-Obras-e-Servi\u00e7os-CBNE2.pdf\">Regimento de Compras e Contrata\u00e7\u00e3o de Obras e Servi\u00e7os<\/a><\/li>\n<li><a href=\"http:\/\/www.caritasne2.org.br\/wp-content\/uploads\/2021\/07\/Pol\u00edtica-de-Gest\u00e3o-de-Fundo-Fixo-2021.pdf\">Pol\u00edtica de Fundo Fixo da C\u00e1ritas Brasileira Regional NE2<\/a><\/li>\n<\/ul>\n<ul class=\"ssb_list_wrapper\"><li class=\"fb2\" style=\"width:135px\"><iframe src=\"\/\/www.facebook.com\/plugins\/like.php?href=https%3A%2F%2Fwww.caritasne2.org.br%2Fsite%2Festatuto%2F&amp;layout=button_count&amp;action=like&amp;show_faces=false&amp;share=true&amp;width=135&amp;height=21&amp;appId=307091639398582\" scrolling=\"no\" frameborder=\"0\" style=\"border:none; overflow:hidden;  width:150px; height:21px;\" allowTransparency=\"true\"><\/iframe><\/li><li class=\"twtr\" style=\"width:90px\"><a href=\"https:\/\/twitter.com\/share\" class=\"twitter-share-button\" data-url=\"https:\/\/www.caritasne2.org.br\/site\/estatuto\/\">&nbsp;<\/a><script>!function(d,s,id){var js,fjs=d.getElementsByTagName(s)[0],p=\/^http:\/.test(d.location)?'http':'https';if(!d.getElementById(id)){js=d.createElement(s);js.id=id;js.src=p+':\/\/platform.twitter.com\/widgets.js';fjs.parentNode.insertBefore(js,fjs);}}(document, 'script', 'twitter-wjs');<\/script><\/li><li class=\"gplus\" style=\"width:68px\"><div class=\"g-plusone\" data-size=\"medium\" data-href=\"https:\/\/www.caritasne2.org.br\/site\/estatuto\/\"><\/div><\/li><li class=\"ssb_linkedin\" style=\"width:64px\"><script src=\"\/\/platform.linkedin.com\/in.js\" type=\"text\/javascript\">lang: en_US<\/script><script type=\"IN\/Share\" data-url=\"https:\/\/www.caritasne2.org.br\/site\/estatuto\/\" data-counter=\"right\"><\/script><\/li><\/ul>","protected":false},"excerpt":{"rendered":"<p>Estatuto da C\u00e1ritas Brasileira Regimento Interno Modelo de Estatuto para entidades-membro Regimento de Compras e Contrata\u00e7\u00e3o de Obras e Servi\u00e7os Pol\u00edtica de Fundo Fixo da C\u00e1ritas Brasileira Regional NE2 &nbsp;<\/p>\n","protected":false},"author":1,"featured_media":0,"parent":0,"menu_order":0,"comment_status":"closed","ping_status":"closed","template":"","meta":[],"_links":{"self":[{"href":"https:\/\/www.caritasne2.org.br\/site\/wp-json\/wp\/v2\/pages\/14"}],"collection":[{"href":"https:\/\/www.caritasne2.org.br\/site\/wp-json\/wp\/v2\/pages"}],"about":[{"href":"https:\/\/www.caritasne2.org.br\/site\/wp-json\/wp\/v2\/types\/page"}],"author":[{"embeddable":true,"href":"https:\/\/www.caritasne2.org.br\/site\/wp-json\/wp\/v2\/users\/1"}],"replies":[{"embeddable":true,"href":"https:\/\/www.caritasne2.org.br\/site\/wp-json\/wp\/v2\/comments?post=14"}],"version-history":[{"count":0,"href":"https:\/\/www.caritasne2.org.br\/site\/wp-json\/wp\/v2\/pages\/14\/revisions"}],"wp:attachment":[{"href":"https:\/\/www.caritasne2.org.br\/site\/wp-json\/wp\/v2\/media?parent=14"}],"curies":[{"name":"wp","href":"https:\/\/api.w.org\/{rel}","templated":true}]}}