{"id":12992,"date":"2024-12-12T13:58:07","date_gmt":"2024-12-12T16:58:07","guid":{"rendered":"https:\/\/www.caritasne2.org.br\/site\/?page_id=12992"},"modified":"2025-10-23T16:01:43","modified_gmt":"2025-10-23T19:01:43","slug":"emendas-parlamentares","status":"publish","type":"page","link":"https:\/\/www.caritasne2.org.br\/site\/emendas-parlamentares\/","title":{"rendered":"Emendas Parlamentares"},"content":{"rendered":"<p style=\"text-align: justify;\">Com o objetivo de promover a transpar\u00eancia, e em conformidade com as regras estabelecidas para aplica\u00e7\u00e3o de emendas parlamentares, divulgamos abaixo os projetos que est\u00e3o sendo realizados pelas C\u00e1ritas Brasileira Regional Nordeste 2, com apoio de emendas parlamentares. As propostas est\u00e3o registradas na plataforma Transferegov, que \u00e9 a ferramenta destinada \u00e0 informatiza\u00e7\u00e3o e \u00e0 operacionaliza\u00e7\u00e3o das transfer\u00eancias de recursos oriundos do Or\u00e7amento Fiscal e da Seguridade Social da Uni\u00e3o \u00e0 \u00f3rg\u00e3o ou entidade da administra\u00e7\u00e3o p\u00fablica estadual, distrital, municipal, direta ou indireta, cons\u00f3rcios p\u00fablicos e entidades privadas sem fins lucrativos.<\/p>\n<p><strong>Termo de Fomento n\u00ba 976674\/2025<\/strong><\/p>\n<p style=\"padding-left: 40px;\">Proposta n\u00ba 029189\/2025<\/p>\n<p style=\"padding-left: 40px;\">Emenda Parlamentar n\u00ba 28850013 do Senador Humberto Costa (PT\/PE)<\/p>\n<p style=\"padding-left: 40px;\">Projeto \u201cFortalecimento da Casa de Direitos de Pernambuco: Estrutura\u00e7\u00e3o Institucional e Apoio \u00e0 Rede de Migrantes e Refugiados\u201d.<\/p>\n<p style=\"padding-left: 40px;\">Valor: R$ 400 mil<\/p>\n<p style=\"padding-left: 40px;\"><a href=\"https:\/\/www.caritasne2.org.br\/site\/projeto-fortalecimento-da-casa-de-direitos-de-pernambuco-estruturacao-institucional-e-apoio-a-rede-de-migrantes-e-refugiados\/\"><strong>SAIBA MAIS<\/strong><\/a><\/p>\n<p>&nbsp;<\/p>\n<p><strong>Termo de Fomento n\u00ba 976676\/2025<\/strong><\/p>\n<p style=\"padding-left: 40px;\">Proposta n\u00ba 029654\/2025<\/p>\n<p style=\"padding-left: 40px;\">Emenda Parlamentar n\u00ba 38130018 do Deputado Fernando Monteiro (Republicanos\/PE)<\/p>\n<p style=\"padding-left: 40px;\">Projeto \u201cCaminhos para integra\u00e7\u00e3o: Acesso a direitos, a\u00e7\u00f5es de forma\u00e7\u00e3o e gera\u00e7\u00e3o de renda para migrantes e refugiados\u201d<\/p>\n<p style=\"padding-left: 40px;\">Valor: R$ 800 mil<\/p>\n<p style=\"padding-left: 40px;\"><a href=\"https:\/\/www.caritasne2.org.br\/site\/projeto-caminhos-para-integracao-acesso-a-direitos-acoes-de-formacao-e-geracao-de-renda-para-migrantes-e-refugiados\/\"><strong>SAIBA MAIS<\/strong><\/a><\/p>\n<p>&nbsp;<\/p>\n<p><strong>Proposta n\u00ba 958070\/2024<\/strong><\/p>\n<p style=\"padding-left: 40px;\">Senador Humberto Costa (PT\/PE)<\/p>\n<p style=\"padding-left: 40px;\">Projeto \u201cFortalecimento da Casa de Direitos PE: A\u00e7\u00e3o de Promo\u00e7\u00e3o e Defesa dos direitos de migrantes e refugiados no Estado de Pernambuco&#8221;<\/p>\n<p style=\"padding-left: 40px;\">Valor: R$ 200 mil<\/p>\n<p style=\"padding-left: 40px;\"><a href=\"https:\/\/www.caritasne2.org.br\/site\/caritas-brasileira-regional-nordeste-2-celebra-parceria-para-execucao-de-projeto-com-recursos-oriundos-de-emenda-parlamentar-com-o-ministerio-da-justica-e-seguranca-publica\/\" target=\"_blank\" rel=\"noopener\"><strong>SAIBA MAIS<\/strong><\/a><\/p>\n<p>&nbsp;<\/p>\n<p><strong>Proposta n\u00ba 959061\/2024<\/strong><\/p>\n<p style=\"padding-left: 40px;\">Senadora Teresa Leit\u00e3o (PT-PE) &#8211; emenda parlamentar com o Minist\u00e9rio do Trabalho e Emprego<\/p>\n<p style=\"padding-left: 40px;\">Projeto \u201cFundos Rotativos Solid\u00e1rios como Estrat\u00e9gia de Desenvolvimento em Territ\u00f3rios Quilombola e de Periferia da Regi\u00e3o metropolitana do Recife<em>\u201d<\/em><\/p>\n<p style=\"padding-left: 40px;\">Valor: R$ 200 mil<\/p>\n<p style=\"padding-left: 40px;\"><a href=\"https:\/\/www.caritasne2.org.br\/site\/caritas-brasileira-regional-nordeste-2-celebra-parceria-para-execucao-de-projeto-com-recursos-oriundos-de-emenda-parlamentar-com-o-ministerio-do-trabalho-e-emprego-mte\/\" target=\"_blank\" rel=\"noopener\"><strong>SAIBA MAIS<\/strong><\/a><\/p>\n<p>&nbsp;<\/p>\n<p><strong>Proposta n\u00ba 963995\/2024<\/strong><\/p>\n<p style=\"padding-left: 40px;\">Senador Fernando Monteiro de Albuquerque (PP-PE)<\/p>\n<p style=\"padding-left: 40px;\">Projeto de Promo\u00e7\u00e3o Humana para Migrantes e Refugiados<\/p>\n<p style=\"padding-left: 40px;\">Valor: R$ 800 mil<\/p>\n<p style=\"padding-left: 40px;\"><a href=\"https:\/\/www.caritasne2.org.br\/site\/caritas-brasileira-regional-nordeste-2-reforca-acao-com-migrantes-com-apoio-de-emenda-parlamentar\/\" target=\"_blank\" rel=\"noopener\"><strong>SAIBA MAIS<\/strong><\/a><\/p>\n<p>&nbsp;<\/p>\n<p><strong>Proposta n\u00ba 011166\/2023<\/strong><\/p>\n<p style=\"padding-left: 40px;\">Senador Humberto Costa (PT\/PE)<\/p>\n<p style=\"padding-left: 40px;\">Projeto \u201cFORTALECIMENTO DA CASA E DIREITOS PE: A\u00e7\u00e3o de Promo\u00e7\u00e3o e Defesa dos direitos dos migrantes e refugiados no Estado de Pernambuco.<\/p>\n<p style=\"padding-left: 40px;\">Valor: R$ 150 mil<\/p>\n<p style=\"padding-left: 40px;\"><strong><a href=\"https:\/\/www.caritasne2.org.br\/site\/proposta-no-011166-2023\/\">SAIBA MAIS<\/a><\/strong><\/p>\n<p>&nbsp;<\/p>\n<p><strong>Proposta n\u00ba 028456\/2025<\/strong><\/p>\n<p style=\"text-align: left;\">\u00a0 \u00a0 \u00a0 \u00a0 \u00a0Senadora Teresa Leit\u00e3o (PT-PE)<\/p>\n<p style=\"text-align: left;\">\u00a0 \u00a0 \u00a0 \u00a0 \u00a0Projeto \u201cSemeando Coopera\u00e7\u00e3o no Sert\u00e3o Pernambucano\u201d<\/p>\n<p style=\"text-align: left;\">\u00a0 \u00a0 \u00a0 \u00a0 \u00a0Emenda n\u00ba 42780017<\/p>\n<p style=\"text-align: left;\">\u00a0 \u00a0 \u00a0 \u00a0 \u00a0Valor R$ 300.000,00<\/p>\n<p>\u00a0 \u00a0 \u00a0 \u00a0 \u00a0 <a href=\"https:\/\/www.caritasne2.org.br\/site\/caritas-brasileira-regional-nordeste-2-celebra-parceria-para-execucao-de-projeto-com-recursos-oriundos-de-emenda-parlamentar-com-o-ministerio-do-trabalho-e-emprego-mte-2\/\"><strong>SAIBA MAIS<\/strong><\/a><\/p>\n<p><a href=\"https:\/\/www.caritasne2.org.br\/site\/wp-content\/uploads\/2025\/10\/ExtratoProposta22.10.25-1.pdf\"><strong>\u00a0 \u00a0 \u00a0 \u00a0 \u00a0 \u00a0Extrato da Proposta<\/strong><\/a><\/p>\n<ul class=\"ssb_list_wrapper\"><li class=\"fb2\" style=\"width:135px\"><iframe src=\"\/\/www.facebook.com\/plugins\/like.php?href=https%3A%2F%2Fwww.caritasne2.org.br%2Fsite%2Femendas-parlamentares%2F&amp;layout=button_count&amp;action=like&amp;show_faces=false&amp;share=true&amp;width=135&amp;height=21&amp;appId=307091639398582\" scrolling=\"no\" frameborder=\"0\" style=\"border:none; overflow:hidden;  width:150px; height:21px;\" allowTransparency=\"true\"><\/iframe><\/li><li class=\"twtr\" style=\"width:90px\"><a href=\"https:\/\/twitter.com\/share\" class=\"twitter-share-button\" data-url=\"https:\/\/www.caritasne2.org.br\/site\/emendas-parlamentares\/\">&nbsp;<\/a><script>!function(d,s,id){var js,fjs=d.getElementsByTagName(s)[0],p=\/^http:\/.test(d.location)?'http':'https';if(!d.getElementById(id)){js=d.createElement(s);js.id=id;js.src=p+':\/\/platform.twitter.com\/widgets.js';fjs.parentNode.insertBefore(js,fjs);}}(document, 'script', 'twitter-wjs');<\/script><\/li><li class=\"gplus\" style=\"width:68px\"><div class=\"g-plusone\" data-size=\"medium\" data-href=\"https:\/\/www.caritasne2.org.br\/site\/emendas-parlamentares\/\"><\/div><\/li><li class=\"ssb_linkedin\" style=\"width:64px\"><script src=\"\/\/platform.linkedin.com\/in.js\" type=\"text\/javascript\">lang: en_US<\/script><script type=\"IN\/Share\" data-url=\"https:\/\/www.caritasne2.org.br\/site\/emendas-parlamentares\/\" data-counter=\"right\"><\/script><\/li><\/ul>","protected":false},"excerpt":{"rendered":"<p>Com o objetivo de promover a transpar\u00eancia, e em conformidade com as regras estabelecidas para aplica\u00e7\u00e3o de emendas parlamentares, divulgamos abaixo os projetos que est\u00e3o sendo realizados pelas C\u00e1ritas Brasileira Regional Nordeste 2, com apoio de emendas parlamentares. As propostas est\u00e3o registradas na plataforma Transferegov, que \u00e9 a ferramenta destinada \u00e0 informatiza\u00e7\u00e3o e \u00e0 operacionaliza\u00e7\u00e3o das transfer\u00eancias de recursos oriundos do Or\u00e7amento Fiscal e da [&hellip;]<\/p>\n","protected":false},"author":4,"featured_media":0,"parent":0,"menu_order":0,"comment_status":"closed","ping_status":"closed","template":"","meta":[],"_links":{"self":[{"href":"https:\/\/www.caritasne2.org.br\/site\/wp-json\/wp\/v2\/pages\/12992"}],"collection":[{"href":"https:\/\/www.caritasne2.org.br\/site\/wp-json\/wp\/v2\/pages"}],"about":[{"href":"https:\/\/www.caritasne2.org.br\/site\/wp-json\/wp\/v2\/types\/page"}],"author":[{"embeddable":true,"href":"https:\/\/www.caritasne2.org.br\/site\/wp-json\/wp\/v2\/users\/4"}],"replies":[{"embeddable":true,"href":"https:\/\/www.caritasne2.org.br\/site\/wp-json\/wp\/v2\/comments?post=12992"}],"version-history":[{"count":19,"href":"https:\/\/www.caritasne2.org.br\/site\/wp-json\/wp\/v2\/pages\/12992\/revisions"}],"predecessor-version":[{"id":13641,"href":"https:\/\/www.caritasne2.org.br\/site\/wp-json\/wp\/v2\/pages\/12992\/revisions\/13641"}],"wp:attachment":[{"href":"https:\/\/www.caritasne2.org.br\/site\/wp-json\/wp\/v2\/media?parent=12992"}],"curies":[{"name":"wp","href":"https:\/\/api.w.org\/{rel}","templated":true}]}}