{"id":10,"date":"2016-11-29T14:40:26","date_gmt":"2016-11-29T16:40:26","guid":{"rendered":"http:\/\/www.redevip.com.br\/demo\/caritasne\/?page_id=10"},"modified":"2022-05-13T12:55:53","modified_gmt":"2022-05-13T15:55:53","slug":"marco-referencial","status":"publish","type":"page","link":"https:\/\/www.caritasne2.org.br\/site\/marco-referencial\/","title":{"rendered":"Marco Referencial"},"content":{"rendered":"<div class=\"marco-m\">\n<div class=\"twocol_one\">\n<h3 style=\"text-align: center;\">Miss\u00e3o Institucional<\/h3>\n<div class=\"marco\">Testemunhar e anunciar o Evangelho de Jesus Cristo, defendendo e promovendo toda forma de vida e participando da constru\u00e7\u00e3o solid\u00e1ria da sociedade do Bem Viver, sinal do Reino de Deus, junto com as pessoas em situa\u00e7\u00e3o de vulnerabilidade e exclus\u00e3o social.<\/div>\n<p><\/div><div class=\"twocol_one last\"><\/p>\n<h3 style=\"text-align: center;\">Diretriz Geral de A\u00e7\u00e3o<\/h3>\n<div class=\"marco\">Constru\u00e7\u00e3o solid\u00e1ria, sustent\u00e1vel e territorial de um projeto popular de sociedade democr\u00e1tica e de direitos.<\/div>\n<p><\/div><\/p>\n<div class=\"clear\"><\/div>\n<div class=\"marco-padding mar-top\">\n<h3 style=\"text-align: center;\">Orienta\u00e7\u00f5es Estrat\u00e9gicas<\/h3>\n<div class=\"marco\">\n<ol>\n<li>Promo\u00e7\u00e3o e fortalecimento de iniciativas locais e territoriais na constru\u00e7\u00e3o da sociedade do Bem Viver.<\/li>\n<li>Defesa e promo\u00e7\u00e3o de direitos, constru\u00e7\u00e3o e controle das pol\u00edticas p\u00fablicas.<\/li>\n<li>Organiza\u00e7\u00e3o, fortalecimento e sustentabilidade da Rede C\u00e1ritas.<\/li>\n<li>Promo\u00e7\u00e3o da identidade e integra\u00e7\u00e3o do ser agente volunt\u00e1rio\u00a0 e volunt\u00e1ria\u00a0 na Rede C\u00e1ritas.<\/li>\n<\/ol>\n<p>&nbsp;<\/p>\n<\/div>\n<\/div>\n<\/div>\n<div class=\"marco-p\">\n<div class=\"marco-padding\">\n<h3 style=\"text-align: center;\">Princ\u00edpios Intitucionais<\/h3>\n<div class=\"marco\">\n<ul>\n<li>Defesa e promo\u00e7\u00e3o da vida para a constru\u00e7\u00e3o da sociedade do Bem Viver.<\/li>\n<li>M\u00edstica e espiritualidade libertadora, ecum\u00eanica e de di\u00e1logo inter-religioso.<\/li>\n<li>Cultura de solidariedade transformadora.<\/li>\n<li>Rela\u00e7\u00f5es de equidade \u00e9tnico-raciais, de g\u00eanero e gera\u00e7\u00e3o.<\/li>\n<li>Protagonismo das pessoas em situa\u00e7\u00e3o de vulnerabilidade, de risco e\/ou exclus\u00e3o social.<\/li>\n<li>Projeto popular de sociedade justa, solid\u00e1ria e sustent\u00e1vel.<\/li>\n<li>Democracia participativa e justi\u00e7a socioambiental.<\/li>\n<li>Pastoralidade e transforma\u00e7\u00e3o social.<\/li>\n<li>C\u00e1ritas no cora\u00e7\u00e3o da Igreja e na sociedade no servi\u00e7o com os pobres.<\/li>\n<\/ul>\n<\/div>\n<\/div>\n<\/div>\n<ul class=\"ssb_list_wrapper\"><li class=\"fb2\" style=\"width:135px\"><iframe src=\"\/\/www.facebook.com\/plugins\/like.php?href=https%3A%2F%2Fwww.caritasne2.org.br%2Fsite%2Fmarco-referencial%2F&amp;layout=button_count&amp;action=like&amp;show_faces=false&amp;share=true&amp;width=135&amp;height=21&amp;appId=307091639398582\" scrolling=\"no\" frameborder=\"0\" style=\"border:none; overflow:hidden;  width:150px; height:21px;\" allowTransparency=\"true\"><\/iframe><\/li><li class=\"twtr\" style=\"width:90px\"><a href=\"https:\/\/twitter.com\/share\" class=\"twitter-share-button\" data-url=\"https:\/\/www.caritasne2.org.br\/site\/marco-referencial\/\">&nbsp;<\/a><script>!function(d,s,id){var js,fjs=d.getElementsByTagName(s)[0],p=\/^http:\/.test(d.location)?'http':'https';if(!d.getElementById(id)){js=d.createElement(s);js.id=id;js.src=p+':\/\/platform.twitter.com\/widgets.js';fjs.parentNode.insertBefore(js,fjs);}}(document, 'script', 'twitter-wjs');<\/script><\/li><li class=\"gplus\" style=\"width:68px\"><div class=\"g-plusone\" data-size=\"medium\" data-href=\"https:\/\/www.caritasne2.org.br\/site\/marco-referencial\/\"><\/div><\/li><li class=\"ssb_linkedin\" style=\"width:64px\"><script src=\"\/\/platform.linkedin.com\/in.js\" type=\"text\/javascript\">lang: en_US<\/script><script type=\"IN\/Share\" data-url=\"https:\/\/www.caritasne2.org.br\/site\/marco-referencial\/\" data-counter=\"right\"><\/script><\/li><\/ul>","protected":false},"excerpt":{"rendered":"<p>Orienta\u00e7\u00f5es Estrat\u00e9gicas Promo\u00e7\u00e3o e fortalecimento de iniciativas locais e territoriais na constru\u00e7\u00e3o da sociedade do Bem Viver. Defesa e promo\u00e7\u00e3o de direitos, constru\u00e7\u00e3o e controle das pol\u00edticas p\u00fablicas. Organiza\u00e7\u00e3o, fortalecimento e sustentabilidade da Rede C\u00e1ritas. Promo\u00e7\u00e3o da identidade e integra\u00e7\u00e3o do ser agente volunt\u00e1rio\u00a0 e volunt\u00e1ria\u00a0 na Rede C\u00e1ritas. &nbsp; Princ\u00edpios Intitucionais Defesa e promo\u00e7\u00e3o da vida para a constru\u00e7\u00e3o da sociedade do Bem Viver. [&hellip;]<\/p>\n","protected":false},"author":1,"featured_media":0,"parent":0,"menu_order":0,"comment_status":"closed","ping_status":"closed","template":"","meta":[],"_links":{"self":[{"href":"https:\/\/www.caritasne2.org.br\/site\/wp-json\/wp\/v2\/pages\/10"}],"collection":[{"href":"https:\/\/www.caritasne2.org.br\/site\/wp-json\/wp\/v2\/pages"}],"about":[{"href":"https:\/\/www.caritasne2.org.br\/site\/wp-json\/wp\/v2\/types\/page"}],"author":[{"embeddable":true,"href":"https:\/\/www.caritasne2.org.br\/site\/wp-json\/wp\/v2\/users\/1"}],"replies":[{"embeddable":true,"href":"https:\/\/www.caritasne2.org.br\/site\/wp-json\/wp\/v2\/comments?post=10"}],"version-history":[{"count":0,"href":"https:\/\/www.caritasne2.org.br\/site\/wp-json\/wp\/v2\/pages\/10\/revisions"}],"wp:attachment":[{"href":"https:\/\/www.caritasne2.org.br\/site\/wp-json\/wp\/v2\/media?parent=10"}],"curies":[{"name":"wp","href":"https:\/\/api.w.org\/{rel}","templated":true}]}}